{"id":1413,"date":"2016-04-11T10:08:23","date_gmt":"2016-04-11T10:08:23","guid":{"rendered":"http:\/\/en-accord.fr\/?post_type=product&#038;p=1413"},"modified":"2023-09-24T23:17:41","modified_gmt":"2023-09-24T23:17:41","slug":"1-soin-energetique-enfant-bebe","status":"publish","type":"product","link":"https:\/\/en-accord.fr\/index.php\/produit\/1-soin-energetique-enfant-bebe\/","title":{"rendered":"1 soin \u00e9nerg\u00e9tique Enfant \/ B\u00e9b\u00e9"},"content":{"rendered":"<p>Premi\u00e8re s\u00e9ance pour votre enfant \/ b\u00e9b\u00e9<\/p>\n","protected":false},"excerpt":{"rendered":"<p>Premi\u00e8re s\u00e9ance pour votre enfant \/ b\u00e9b\u00e9<\/p>\n","protected":false},"featured_media":1214,"comment_status":"open","ping_status":"closed","template":"","meta":[],"product_cat":[18],"product_tag":[],"class_list":["post-1413","product","type-product","status-publish","has-post-thumbnail","hentry","product_cat-soins"],"_links":{"self":[{"href":"https:\/\/en-accord.fr\/index.php\/wp-json\/wp\/v2\/product\/1413","targetHints":{"allow":["GET"]}}],"collection":[{"href":"https:\/\/en-accord.fr\/index.php\/wp-json\/wp\/v2\/product"}],"about":[{"href":"https:\/\/en-accord.fr\/index.php\/wp-json\/wp\/v2\/types\/product"}],"replies":[{"embeddable":true,"href":"https:\/\/en-accord.fr\/index.php\/wp-json\/wp\/v2\/comments?post=1413"}],"wp:featuredmedia":[{"embeddable":true,"href":"https:\/\/en-accord.fr\/index.php\/wp-json\/wp\/v2\/media\/1214"}],"wp:attachment":[{"href":"https:\/\/en-accord.fr\/index.php\/wp-json\/wp\/v2\/media?parent=1413"}],"wp:term":[{"taxonomy":"product_cat","embeddable":true,"href":"https:\/\/en-accord.fr\/index.php\/wp-json\/wp\/v2\/product_cat?post=1413"},{"taxonomy":"product_tag","embeddable":true,"href":"https:\/\/en-accord.fr\/index.php\/wp-json\/wp\/v2\/product_tag?post=1413"}],"curies":[{"name":"wp","href":"https:\/\/api.w.org\/{rel}","templated":true}]}}