{"id":1146,"date":"2016-03-21T08:28:58","date_gmt":"2016-03-21T08:28:58","guid":{"rendered":"http:\/\/en-accord.fr\/?post_type=product&#038;p=1146"},"modified":"2016-04-10T16:15:03","modified_gmt":"2016-04-10T16:15:03","slug":"1-soin-energetique-dune-heure","status":"publish","type":"product","link":"https:\/\/en-accord.fr\/index.php\/produit\/1-soin-energetique-dune-heure\/","title":{"rendered":"1 Soin \u00e9nerg\u00e9tique d&rsquo;une heure"},"content":{"rendered":"<p>Bon cadeau pour anniversaires, remerciements etc.<\/p>\n<p>Offrez un moment vivifiant avec une s\u00e9ance de Th\u00e9rapie Cranio-Sacr\u00e9e \/ soin \u00e9nerg\u00e9tique.<\/p>\n<p><i class=\"icon_shortcode sanabel_shortcode_1  fa fa-arrow-right icon_align_center\" style=\"color:#5AA1E3; \"><\/i>\u00a0 <a href=\"http:\/\/en-accord.fr\/index.php\/therapie-cranio-sacree\/\">D\u00e9couvrir la th\u00e9rapie Cranio-Sacr\u00e9e<\/a><\/p>\n","protected":false},"excerpt":{"rendered":"<p>Une s\u00e9ance de Th\u00e9rapie Cranio-Sacr\u00e9e \/ soin \u00e9nerg\u00e9tique.<\/p>\n","protected":false},"featured_media":1188,"comment_status":"closed","ping_status":"closed","template":"","meta":[],"product_cat":[13],"product_tag":[],"class_list":["post-1146","product","type-product","status-publish","has-post-thumbnail","hentry","product_cat-bons-cadeaux"],"_links":{"self":[{"href":"https:\/\/en-accord.fr\/index.php\/wp-json\/wp\/v2\/product\/1146","targetHints":{"allow":["GET"]}}],"collection":[{"href":"https:\/\/en-accord.fr\/index.php\/wp-json\/wp\/v2\/product"}],"about":[{"href":"https:\/\/en-accord.fr\/index.php\/wp-json\/wp\/v2\/types\/product"}],"replies":[{"embeddable":true,"href":"https:\/\/en-accord.fr\/index.php\/wp-json\/wp\/v2\/comments?post=1146"}],"wp:featuredmedia":[{"embeddable":true,"href":"https:\/\/en-accord.fr\/index.php\/wp-json\/wp\/v2\/media\/1188"}],"wp:attachment":[{"href":"https:\/\/en-accord.fr\/index.php\/wp-json\/wp\/v2\/media?parent=1146"}],"wp:term":[{"taxonomy":"product_cat","embeddable":true,"href":"https:\/\/en-accord.fr\/index.php\/wp-json\/wp\/v2\/product_cat?post=1146"},{"taxonomy":"product_tag","embeddable":true,"href":"https:\/\/en-accord.fr\/index.php\/wp-json\/wp\/v2\/product_tag?post=1146"}],"curies":[{"name":"wp","href":"https:\/\/api.w.org\/{rel}","templated":true}]}}