{"id":1138,"date":"2016-03-15T14:09:11","date_gmt":"2016-03-15T14:09:11","guid":{"rendered":"http:\/\/en-accord.fr\/?post_type=product&#038;p=1138"},"modified":"2016-03-24T17:16:02","modified_gmt":"2016-03-24T17:16:02","slug":"pack-sante-vitalite","status":"publish","type":"product","link":"https:\/\/en-accord.fr\/index.php\/produit\/pack-sante-vitalite\/","title":{"rendered":"Pack sant\u00e9 Vitalit\u00e9"},"content":{"rendered":"<p>1 ProArgi 9+, 1 Mistify, 1 Phytolife<\/p>\n<p>Vous cherchez \u00e0 vous faire du bien \u00e0 tous les niveaux ? Ces trois produits de la gamme Synergy WorldWide forment un tout coh\u00e9rent et efficace pour prendre votre sant\u00e9 en main, pour offrir de l\u2019\u00e9nergie \u00e0 votre vie et vous sentir nourris de mani\u00e8re optimale.<\/p>\n<p>Une cure \u00ab Vitalit\u00e9 3 \u00bb renforcera votre condition physique, votre sang sera oxyg\u00e9n\u00e9 et nettoy\u00e9 des radicaux libres, et votre acidit\u00e9 r\u00e9duite pour gagner en vitalit\u00e9.<\/p>\n<p>Chaque jour on prend soin de soi de trois mani\u00e8res : On d\u00e9marre sa journ\u00e9e du bon pied avec une dose de Mistify le matin \u00e0 je\u00fbn, on savoure un verre de Phytolife apr\u00e8s le d\u00e9jeuner et on choisit le moment de sa dose de ProArgi9+ : ou le matin ou le soir selon l\u2019effet recherch\u00e9. Nous pouvons vous conseiller de mani\u00e8re plus individuelle.<\/p>\n<p>Un pack Sant\u00e9 Vitalit\u00e9 permet de faire une cure d\u2019un mois. Continuer sur deux \u00e0 trois mois est recommand\u00e9 pour maximiser les effets de la cure.<\/p>\n<p><strong>Ingr\u00e9dients :<\/strong> Merci de consulter les fiches individuelles des trois produits pour avoir toute l\u2019information sur les produits.<\/p>\n<p><strong>Le mot d\u2019Isabelle<\/strong> : Le nec plus ultra de la cure sant\u00e9 \u2013 trois produits synergiques, dont les effets se renforcent les uns les autres, et qui nourrissent votre corps de mani\u00e8re optimale. Pour \u00eatre bien dans votre corps, choisissez la cure Vitalit\u00e9 3!<\/p>\n<p>&nbsp;<\/p>\n<p style=\"text-align: center;\"><i class=\"icon_shortcode sanabel_shortcode_1  fa fa-star icon_align_center\" ><\/i><\/p>\n<p>&nbsp;<\/p>\n<p>Merci de consulter les fiches individuelles des trois produits pour avoir toute l\u2019information sur les produits.<\/p>\n<p><strong>Conseils d&rsquo;utilisation :<\/strong><\/p>\n<ul>\n<li>1 dose de Mistify le matin \u00e0 je\u00fbn<\/li>\n<li>1 dose (un verre) de Phytolife apr\u00e8s le d\u00e9j\u00e9uner<\/li>\n<li>1 dose de ProArgi9+ \u00e0 prendre ou le matin ou le soir selon l\u2019effet recherch\u00e9 : le matin si on recherche plus un regain d\u2019\u00e9nergie, le soir pour un sommeil particuli\u00e8rement r\u00e9parateur.<\/li>\n<\/ul>\n<p>Je peux vous conseiller de mani\u00e8re plus individuelle. Appelez moi !<\/p>\n","protected":false},"excerpt":{"rendered":"<p>Une cure \u00ab Vitalit\u00e9 3 \u00bb renforcera votre condition physique, votre sang sera oxyg\u00e9n\u00e9 et nettoy\u00e9 des radicaux libres, et votre acidit\u00e9 r\u00e9duite pour gagner en vitalit\u00e9.<\/p>\n","protected":false},"featured_media":1170,"comment_status":"closed","ping_status":"closed","template":"","meta":[],"product_cat":[11,14],"product_tag":[],"class_list":["post-1138","product","type-product","status-publish","has-post-thumbnail","hentry","product_cat-offres-speciales","product_cat-synergy-worldwide"],"_links":{"self":[{"href":"https:\/\/en-accord.fr\/index.php\/wp-json\/wp\/v2\/product\/1138","targetHints":{"allow":["GET"]}}],"collection":[{"href":"https:\/\/en-accord.fr\/index.php\/wp-json\/wp\/v2\/product"}],"about":[{"href":"https:\/\/en-accord.fr\/index.php\/wp-json\/wp\/v2\/types\/product"}],"replies":[{"embeddable":true,"href":"https:\/\/en-accord.fr\/index.php\/wp-json\/wp\/v2\/comments?post=1138"}],"wp:featuredmedia":[{"embeddable":true,"href":"https:\/\/en-accord.fr\/index.php\/wp-json\/wp\/v2\/media\/1170"}],"wp:attachment":[{"href":"https:\/\/en-accord.fr\/index.php\/wp-json\/wp\/v2\/media?parent=1138"}],"wp:term":[{"taxonomy":"product_cat","embeddable":true,"href":"https:\/\/en-accord.fr\/index.php\/wp-json\/wp\/v2\/product_cat?post=1138"},{"taxonomy":"product_tag","embeddable":true,"href":"https:\/\/en-accord.fr\/index.php\/wp-json\/wp\/v2\/product_tag?post=1138"}],"curies":[{"name":"wp","href":"https:\/\/api.w.org\/{rel}","templated":true}]}}