{"id":1136,"date":"2016-03-15T14:03:39","date_gmt":"2016-03-15T14:03:39","guid":{"rendered":"http:\/\/en-accord.fr\/?post_type=product&#038;p=1136"},"modified":"2016-03-22T19:02:07","modified_gmt":"2016-03-22T19:02:07","slug":"proargi-9","status":"publish","type":"product","link":"https:\/\/en-accord.fr\/index.php\/produit\/proargi-9\/","title":{"rendered":"ProArgi-9+"},"content":{"rendered":"<p>La boisson naturelle pour pr\u00e9venir les maladies cardiovasculaires et donner \u00e0 notre corps les meilleurs nutriments pour \u00eatre en forme. Le complexe naturel L-Arginine est un acide amin\u00e9 qui aide \u00e0 pr\u00e9server des maladies du c\u0153ur, prot\u00e8ge le cerveau et r\u00e9duit le stress. Sous forme de poudre \u00e0 diluer dans l\u2019eau, c\u2019est une boisson qui a des propri\u00e9t\u00e9s anti-vieillissement, et peut aussi aider \u00e0 la r\u00e9gulation du taux de sucre dans le sang, amenant \u00e9nergie, vitalit\u00e9 et sant\u00e9.<\/p>\n<p>La formule du ProArgi9+ est bas\u00e9e sur une d\u00e9couverte scientifique majeure, qui fut couronn\u00e9e en 1998 par un Prix Nobel: les chercheurs ont montr\u00e9 que l\u2019acide amin\u00e9 L-arginine cr\u00e9e de l\u2019Oxyde Nitrique dans le corps, un gaz qui am\u00e9liore le fonctionnement du syst\u00e8me cardiovasculaire en diminuant les plaques d\u2019ath\u00e9rome et en permettant au sang de circuler librement dans le r\u00e9seau art\u00e9riel. Ce produit r\u00e9volutionnaire dans le domaine de la sant\u00e9 a \u00e9t\u00e9 soumis \u00e0 des tests rigoureux, et les recherches ont prouv\u00e9 qu\u2019il peut aider de nombreuses conditions en donnant \u00e0 notre corps la meilleure nutrition possible. <span id=\"yui_3_16_0_ym18_1_1458661644048_27040\">Il est r\u00e9f\u00e9renc\u00e9 dans l\u2019\u00e9quivalent am\u00e9ricain du Vidal m\u00e9dical, le \u00ab\u00a0Physician Desk Reference\u00a0\u00bb.<\/span><\/p>\n<p><strong>Ingr\u00e9dients<\/strong> : L-arginine, L-citruline, concentr\u00e9 de grenade, vitamines B, C et D.<\/p>\n<p><strong>Le mot d\u2019Isabelle<\/strong> : Un geste quotidien exceptionnel pour maintenir votre c\u0153ur en forme. Bas\u00e9 sur des recherches couronn\u00e9es par un Prix Nobel de M\u00e9decine et \u00e0 base d\u2019ingr\u00e9dients purement naturels, c\u2019est un geste gagnant !<br \/>\n<a href=\"http:\/\/en-accord.fr\/index.php\/produit\/pack-3-x-proargi-9\/\"><br \/>\nExiste \u00e9galement en lot de 3 bo\u00eetes &#8211; id\u00e9al pour une cure de 3 mois.<\/a><\/p>\n<p>&nbsp;<\/p>\n<p style=\"text-align: center;\"><i class=\"icon_shortcode sanabel_shortcode_1  fa fa-star icon_align_center\" ><\/i><\/p>\n<p>&nbsp;<\/p>\n<p><strong>Conseils d&rsquo;utilisation :<\/strong> M\u00e9langer 1 sachet (1 sachet contient 5g pure de L-arginine) avec 120 \u00e0 240 ml d\u2019eau. M\u00e9langer pour dissoudre. 1 sachet peut \u00eatre pris 2 fois par jour.<\/p>\n<p>Ceci est la dose de base pour un maintien en forme. Pour certaines maladies et conditions, une suppl\u00e9mentation plus importante est recommand\u00e9e. Nous consulter.<\/p>\n<p>1 bo\u00eete de ProArgi9+ contient 30 sachets individuels, permettant de prendre 1 dose par jour pendant 1 mois ou 2 doses par jours pendant 15 jours.<\/p>\n<p>Ce produit est un compl\u00e9ment alimentaire et ne remplace pas une alimentation vari\u00e9e et \u00e9quilibr\u00e9e et un mode de vie sain.<\/p>\n<p>Ce produit n\u2019est pas destin\u00e9 au diagnostic, au traitement, \u00e0 la gu\u00e9rison ou la pr\u00e9vention de maladies.<\/p>\n","protected":false},"excerpt":{"rendered":"<p>La boisson naturelle pour pr\u00e9venir les maladies cardiovasculaires et donner \u00e0 notre corps les meilleurs nutriments pour \u00eatre en forme. Le complexe naturel L-Arginine est un acide amin\u00e9 qui aide \u00e0 pr\u00e9server des maladies du c\u0153ur, prot\u00e8ge le cerveau et r\u00e9duit le stress.<\/p>\n","protected":false},"featured_media":1172,"comment_status":"closed","ping_status":"closed","template":"","meta":[],"product_cat":[14],"product_tag":[],"class_list":["post-1136","product","type-product","status-publish","has-post-thumbnail","hentry","product_cat-synergy-worldwide"],"_links":{"self":[{"href":"https:\/\/en-accord.fr\/index.php\/wp-json\/wp\/v2\/product\/1136","targetHints":{"allow":["GET"]}}],"collection":[{"href":"https:\/\/en-accord.fr\/index.php\/wp-json\/wp\/v2\/product"}],"about":[{"href":"https:\/\/en-accord.fr\/index.php\/wp-json\/wp\/v2\/types\/product"}],"replies":[{"embeddable":true,"href":"https:\/\/en-accord.fr\/index.php\/wp-json\/wp\/v2\/comments?post=1136"}],"wp:featuredmedia":[{"embeddable":true,"href":"https:\/\/en-accord.fr\/index.php\/wp-json\/wp\/v2\/media\/1172"}],"wp:attachment":[{"href":"https:\/\/en-accord.fr\/index.php\/wp-json\/wp\/v2\/media?parent=1136"}],"wp:term":[{"taxonomy":"product_cat","embeddable":true,"href":"https:\/\/en-accord.fr\/index.php\/wp-json\/wp\/v2\/product_cat?post=1136"},{"taxonomy":"product_tag","embeddable":true,"href":"https:\/\/en-accord.fr\/index.php\/wp-json\/wp\/v2\/product_tag?post=1136"}],"curies":[{"name":"wp","href":"https:\/\/api.w.org\/{rel}","templated":true}]}}