{"id":1135,"date":"2016-03-15T13:52:18","date_gmt":"2016-03-15T13:52:18","guid":{"rendered":"http:\/\/en-accord.fr\/?post_type=product&#038;p=1135"},"modified":"2020-04-14T08:38:18","modified_gmt":"2020-04-14T08:38:18","slug":"slm-smart","status":"publish","type":"product","link":"https:\/\/en-accord.fr\/index.php\/produit\/slm-smart\/","title":{"rendered":"SLM Smart"},"content":{"rendered":"<p>C\u2019est le moment de perdre du poids et de se sentir mieux dans votre corps. Voil\u00e0 une solution bas\u00e9e sur des recherches scientifiques, pour maigrir sur le long terme.<\/p>\n<p>SLM SMART est un substitut de repas \u00e9quilibr\u00e9, enrichi avec 23 vitamines et min\u00e9raux, avec 3 prot\u00e9ines diff\u00e9rentes pour garder son \u00e9nergie toute la journ\u00e9e, sans sensation de faim.<\/p>\n<p><strong>Ingr\u00e9dients :<\/strong> 3 prot\u00e9ines (soja, cas\u00e9ine, whey), 23 vitamines et min\u00e9raux dont calcium, potassium, vitamine B. Teneur \u00e9lev\u00e9e en fibres et prot\u00e9ines<\/p>\n<p><strong>Le mot d\u2019Isabelle :<\/strong> A 2 repas par jour au SLM, c\u2019est une solution efficace et saine pour perdre du poids, garantie par des recherches scientifiques et ayant prouv\u00e9 ses r\u00e9sultats ! Et en n\u2019en prenant qu\u2019un repas par jour, vive le petit d\u00e9jeuner qui tient au corps !<\/p>\n<p>Disponible en lot de 4 bo\u00eetes et plus, \u00e0 des tarifs pr\u00e9f\u00e9rentiels. Le lot de 4 bo\u00eetes est id\u00e9al pour un mois de perte de poids. <a href=\"http:\/\/en-accord.fr\/index.php\/contact\/\">Me consulter<\/a> pour parler des options les plus b\u00e9n\u00e9fiques et abordables pour vous si vous souhaitez vous lancer dans un r\u00e9gime.<\/p>\n<p style=\"text-align: center;\"><i class=\"icon_shortcode sanabel_shortcode_1  fa fa-star icon_align_center\" ><\/i><\/p>\n<p>&nbsp;<\/p>\n<p><strong>Conseils d&rsquo;utilisation :<\/strong> M\u00e9langer trois cuill\u00e8res (67g) de poudre dans 420 ml d\u2019eau (ou selon go\u00fbt).<\/p>\n<p>1 bo\u00eete de SLM permet de faire 15 repas \u00e0 3 cuill\u00e8res par repas, ou 22 repas \u00e0 2 cuill\u00e8res par repas.<\/p>\n<p>Ce produit est destin\u00e9 \u00e0 \u00eatre utilis\u00e9 dans le cadre d\u2019un r\u00e9gime hypocalorique. D\u2019autres aliments vari\u00e9s et \u00e9quilibr\u00e9s doivent \u00eatre int\u00e9gr\u00e9s \u00e0 ce type de r\u00e9gime. Il est important aussi de maintenir un niveau quotidien suffisant d\u2019hydratation.<\/p>\n","protected":false},"excerpt":{"rendered":"<p>SLM SMART est un substitut de repas \u00e9quilibr\u00e9, enrichi avec 23 vitamines et min\u00e9raux, avec 3 prot\u00e9ines diff\u00e9rentes pour garder son \u00e9nergie toute la journ\u00e9e, sans sensation de faim.<\/p>\n","protected":false},"featured_media":1173,"comment_status":"closed","ping_status":"closed","template":"","meta":[],"product_cat":[14],"product_tag":[],"class_list":["post-1135","product","type-product","status-publish","has-post-thumbnail","hentry","product_cat-synergy-worldwide"],"_links":{"self":[{"href":"https:\/\/en-accord.fr\/index.php\/wp-json\/wp\/v2\/product\/1135","targetHints":{"allow":["GET"]}}],"collection":[{"href":"https:\/\/en-accord.fr\/index.php\/wp-json\/wp\/v2\/product"}],"about":[{"href":"https:\/\/en-accord.fr\/index.php\/wp-json\/wp\/v2\/types\/product"}],"replies":[{"embeddable":true,"href":"https:\/\/en-accord.fr\/index.php\/wp-json\/wp\/v2\/comments?post=1135"}],"wp:featuredmedia":[{"embeddable":true,"href":"https:\/\/en-accord.fr\/index.php\/wp-json\/wp\/v2\/media\/1173"}],"wp:attachment":[{"href":"https:\/\/en-accord.fr\/index.php\/wp-json\/wp\/v2\/media?parent=1135"}],"wp:term":[{"taxonomy":"product_cat","embeddable":true,"href":"https:\/\/en-accord.fr\/index.php\/wp-json\/wp\/v2\/product_cat?post=1135"},{"taxonomy":"product_tag","embeddable":true,"href":"https:\/\/en-accord.fr\/index.php\/wp-json\/wp\/v2\/product_tag?post=1135"}],"curies":[{"name":"wp","href":"https:\/\/api.w.org\/{rel}","templated":true}]}}