{"id":1111,"date":"2016-03-15T09:51:37","date_gmt":"2016-03-15T09:51:37","guid":{"rendered":"http:\/\/en-accord.fr\/?post_type=product&#038;p=1111"},"modified":"2016-03-22T19:02:44","modified_gmt":"2016-03-22T19:02:44","slug":"phytolife","status":"publish","type":"product","link":"https:\/\/en-accord.fr\/index.php\/produit\/phytolife\/","title":{"rendered":"Phytolife"},"content":{"rendered":"<p>Le Phytolife c\u2019est la boisson verte \u00e0 la chlorophylle qui r\u00e9\u00e9quilibre le pH de votre corps, alcalinise votre corps, d\u00e9sacidifie et d\u00e9toxifie vos organes et aide \u00e0 la reconstruction de vos cellules et tissus. Gr\u00e2ce \u00e0 ces effets, vous gagnez en \u00e9nergie et vitalit\u00e9.<\/p>\n<p>Le Phytolife contribue aussi \u00e0 augmenter le fer dans votre sang, tr\u00e8s utile en cas d\u2019an\u00e9mie. Il peut aussi aider avec la cellulite et la perte de poids.<\/p>\n<p>Quelques gouttes dans votre bouteille d\u2019eau habituelle et votre corps fait le reste.<\/p>\n<p><strong>Ingr\u00e9dients :<\/strong> chlorophylle, menthe poivr\u00e9e, luzerne, herbe d\u2019orge et m\u00fbrier.<\/p>\n<p><strong>Le mot d\u2019Isabelle :<\/strong> une merveille pour vous encourager \u00e0 boire et booster votre vitalit\u00e9 en buvant une boisson d\u00e9licieuse ! Apr\u00e8s un repas arros\u00e9, gras et\/ou sucr\u00e9, elle fait des merveilles pour votre digestion.<\/p>\n<p>&nbsp;<\/p>\n<p style=\"text-align: center;\"><i class=\"icon_shortcode sanabel_shortcode_1  fa fa-star icon_align_center\" ><\/i><\/p>\n<p>&nbsp;<\/p>\n<p id=\"yui_3_16_0_ym18_1_1458661644048_7884\" class=\"yiv4229228780MsoNormal\"><span id=\"yui_3_16_0_ym18_1_1458661644048_7883\"><strong>Conseils d&rsquo;utilisation :<\/strong> M\u00e9langer 7,5 ml (1\u00bd cuill\u00e8re \u00e0 caf\u00e9) par portion dans 250ml d\u2019eau, deux fois par jour. <\/span><span id=\"yui_3_16_0_ym18_1_1458661644048_7911\">Conserver au r\u00e9frig\u00e9rateur apr\u00e8s ouverture.<\/span><\/p>\n<p id=\"yui_3_16_0_ym18_1_1458661644048_7866\" class=\"yiv4229228780MsoNormal\">\u00a0<span id=\"yui_3_16_0_ym18_1_1458661644048_7875\">Ceci est la dose de base pour un maintien en forme. Pour certaines maladies et conditions, une suppl\u00e9mentation plus importante est recommand\u00e9e. Nous consulter.<\/span><\/p>\n<p id=\"yui_3_16_0_ym18_1_1458661644048_7869\" class=\"yiv4229228780MsoNormal\"><span id=\"yui_3_16_0_ym18_1_1458661644048_7882\">\u00a0<\/span><span id=\"yui_3_16_0_ym18_1_1458661644048_7868\">1 bouteille de Phytolife permet de prendre 2 doses par jour pendant 5 semaines environ.<\/span><\/p>\n<p id=\"yui_3_16_0_ym18_1_1458661644048_7877\" class=\"yiv4229228780MsoNormal\">\u00a0<span id=\"yui_3_16_0_ym18_1_1458661644048_7876\">Ce produit est un compl\u00e9ment alimentaire et ne remplace pas une alimentation vari\u00e9e et \u00e9quilibr\u00e9e et un mode de vie sain.<\/span><\/p>\n","protected":false},"excerpt":{"rendered":"<p><span id=\"yui_3_16_0_ym18_1_1458544732485_4946\">Le Phytolife c\u2019est la boisson verte \u00e0 la chlorophylle qui r\u00e9\u00e9quilibre le pH de votre corps, alcalinise votre corps, d\u00e9sacidifie et d\u00e9toxifie vos organes et aide \u00e0 la reconstruction de vos cellules et tissus. Gr\u00e2ce \u00e0 ces effets, vous gagnez en \u00e9nergie et vitalit\u00e9.<\/span><\/p>\n","protected":false},"featured_media":1171,"comment_status":"closed","ping_status":"closed","template":"","meta":[],"product_cat":[14],"product_tag":[],"class_list":["post-1111","product","type-product","status-publish","has-post-thumbnail","hentry","product_cat-synergy-worldwide"],"_links":{"self":[{"href":"https:\/\/en-accord.fr\/index.php\/wp-json\/wp\/v2\/product\/1111","targetHints":{"allow":["GET"]}}],"collection":[{"href":"https:\/\/en-accord.fr\/index.php\/wp-json\/wp\/v2\/product"}],"about":[{"href":"https:\/\/en-accord.fr\/index.php\/wp-json\/wp\/v2\/types\/product"}],"replies":[{"embeddable":true,"href":"https:\/\/en-accord.fr\/index.php\/wp-json\/wp\/v2\/comments?post=1111"}],"wp:featuredmedia":[{"embeddable":true,"href":"https:\/\/en-accord.fr\/index.php\/wp-json\/wp\/v2\/media\/1171"}],"wp:attachment":[{"href":"https:\/\/en-accord.fr\/index.php\/wp-json\/wp\/v2\/media?parent=1111"}],"wp:term":[{"taxonomy":"product_cat","embeddable":true,"href":"https:\/\/en-accord.fr\/index.php\/wp-json\/wp\/v2\/product_cat?post=1111"},{"taxonomy":"product_tag","embeddable":true,"href":"https:\/\/en-accord.fr\/index.php\/wp-json\/wp\/v2\/product_tag?post=1111"}],"curies":[{"name":"wp","href":"https:\/\/api.w.org\/{rel}","templated":true}]}}