{"id":99,"date":"2015-06-29T16:08:34","date_gmt":"2015-06-29T16:08:34","guid":{"rendered":"http:\/\/en-accord.fr\/?page_id=99"},"modified":"2016-04-10T16:48:22","modified_gmt":"2016-04-10T16:48:22","slug":"therapie-cranio-sacree","status":"publish","type":"page","link":"https:\/\/en-accord.fr\/index.php\/therapie-cranio-sacree\/","title":{"rendered":"Th\u00e9rapie Cranio-Sacr\u00e9e"},"content":{"rendered":"<p>[vc_row][vc_column width=\u00a0\u00bb1\/4&Prime;][\/vc_column][vc_column width=\u00a0\u00bb1\/2&Prime;][vc_column_text]<\/p>\n<h2 style=\"text-align: center;\"><strong>Th\u00e9rapie Cranio-Sacr\u00e9e<\/strong><\/h2>\n<p>[\/vc_column_text][\/vc_column][vc_column width=\u00a0\u00bb1\/4&Prime;][\/vc_column][\/vc_row][vc_row][vc_column width=\u00a0\u00bb1\/4&Prime;][vc_single_image image=\u00a0\u00bb1189&Prime; img_size=\u00a0\u00bb450&#215;300&Prime; style=\u00a0\u00bbvc_box_rounded\u00a0\u00bb][vc_single_image image=\u00a0\u00bb1213&Prime; img_size=\u00a0\u00bb450&#215;300&Prime; style=\u00a0\u00bbvc_box_rounded\u00a0\u00bb][vc_single_image image=\u00a0\u00bb1214&Prime; img_size=\u00a0\u00bb450&#215;300&Prime; style=\u00a0\u00bbvc_box_rounded\u00a0\u00bb][\/vc_column][vc_column width=\u00a0\u00bb1\/2&Prime;][vc_column_text]<\/p>\n<p id=\"yui_3_16_0_1_1447836591387_7120\" class=\"yiv5563902029MsoNormal\">La Th\u00e9rapie Cranio-Sacr\u00e9e, dite aussi Th\u00e9rapie CranioSacrale, est une technique manuelle douce qui permet de d\u00e9tecter et de corriger des d\u00e9s\u00e9quilibres pouvant se traduire par des douleurs, des troubles de la perception, de la motricit\u00e9 ou plus psychologiques. Cette m\u00e9thode a pour but de d\u00e9tendre le syst\u00e8me cranio-sacral (cr\u00e2ne-sacrum) et le syst\u00e8me tissulaire conjonctif (fascias) \u00e0 l&rsquo;aide de manipulations douces. C&rsquo;est une technique issue de l&rsquo;ost\u00e9opathie et\u00a0d\u00e9velopp\u00e9e par Dr. John E. Upledger, un m\u00e9decin am\u00e9ricain.<\/p>\n<p id=\"yui_3_16_0_1_1447836591387_7132\" class=\"yiv5563902029MsoNormal\">Cette th\u00e9rapie s\u2019av\u00e8re tr\u00e8s efficace pour les maux de dos, les maux de t\u00eate et migraines, les probl\u00e8mes de cou\/nuque, les troubles fonctionnels de la m\u00e2choire (ATM), la fatigue chronique, les probl\u00e8mes visuels, la d\u00e9pression, les difficult\u00e9s d\u2019apprentissage, les chocs post-accidents, et aussi dans le travail avec des enfants et b\u00e9b\u00e9s pr\u00e9sentant des l\u00e9sions physiologiques, cr\u00e2niennes ou \u00e9motionnelles pr\u00e9- ou post-natales.<\/p>\n<p id=\"yui_3_16_0_1_1447836591387_7135\" class=\"yiv5563902029MsoNormal\">C&rsquo;est aussi une technique id\u00e9ale pour \u00eatre dans la pr\u00e9vention des douleurs et probl\u00e8mes, plut\u00f4t que dans le traitement de crises aigu\u00ebs.<\/p>\n<p id=\"yui_3_16_0_1_1447836591387_7131\" class=\"yiv5563902029MsoNormal\">M\u00eame sans douleurs particuli\u00e8res, elle permet aussi de tout simplement se sentir mieux, plus align\u00e9, plus l\u00e9ger dans son corps et dans sa t\u00eate.<\/p>\n<p id=\"yui_3_16_0_1_1447836591387_7126\" class=\"yiv5563902029MsoNormal\"><span id=\"yui_3_16_0_1_1447836591387_7125\">Le toucher sp\u00e9cifique et non-directif du th\u00e9rapeute permet \u00e0 la personne de mettre en oeuvre ses capacit\u00e9s auto-r\u00e9gulatrices, de r\u00e9veiller la m\u00e9moire tissulaire et de mettre ainsi le client en contact avec son \u00ab savoir int\u00e9rieur \u00bb ou \u00ab\u00a0m\u00e9d\u00e9cin int\u00e9rieur\u00a0\u00bb, pour se sentir mieux.<\/span><\/p>\n<p id=\"yui_3_16_0_1_1447836591387_7138\" class=\"yiv5563902029MsoNormal\"><a href=\"http:\/\/en-accord.fr\/index.php\/tarifs\/\"><i class=\"icon_shortcode sanabel_shortcode_1  fa fa-arrow-right\" ><\/i> Consultations pour les b\u00e9b\u00e9s, enfants\/adolescents et adultes<\/a><\/p>\n<p>P<span id=\"yui_3_16_0_1_1447836591387_7139\">our plus d\u2019informations sur la th\u00e9rapie, son origine, ses applications, la formation etc. en fran\u00e7ais, vous pouvez allez voir sur le site<\/span><span id=\"yui_3_16_0_1_1441194868098_13238\"> <\/span><a id=\"yui_3_16_0_1_1441194868098_13240\" href=\"http:\/\/www.upledger.be\/\" target=\"_blank\" rel=\"nofollow\">www.upledger.be<\/a>[\/vc_column_text][\/vc_column][vc_column width=\u00a0\u00bb1\/4&Prime;][\/vc_column][\/vc_row]<\/p>\n","protected":false},"excerpt":{"rendered":"<p>[vc_row][vc_column width=\u00a0\u00bb1\/4&Prime;][\/vc_column][vc_column width=\u00a0\u00bb1\/2&Prime;][vc_column_text] Th\u00e9rapie Cranio-Sacr\u00e9e [\/vc_column_text][\/vc_column][vc_column width=\u00a0\u00bb1\/4&Prime;][\/vc_column][\/vc_row][vc_row][vc_column width=\u00a0\u00bb1\/4&Prime;][vc_single_image image=\u00a0\u00bb1189&Prime; img_size=\u00a0\u00bb450&#215;300&Prime; style=\u00a0\u00bbvc_box_rounded\u00a0\u00bb][vc_single_image image=\u00a0\u00bb1213&Prime; img_size=\u00a0\u00bb450&#215;300&Prime; style=\u00a0\u00bbvc_box_rounded\u00a0\u00bb][vc_single_image image=\u00a0\u00bb1214&Prime; img_size=\u00a0\u00bb450&#215;300&Prime; style=\u00a0\u00bbvc_box_rounded\u00a0\u00bb][\/vc_column][vc_column width=\u00a0\u00bb1\/2&Prime;][vc_column_text] La Th\u00e9rapie Cranio-Sacr\u00e9e, dite aussi Th\u00e9rapie CranioSacrale, est une technique manuelle douce qui permet de d\u00e9tecter et de corriger des d\u00e9s\u00e9quilibres pouvant se traduire par des douleurs, des troubles de la perception, de la motricit\u00e9 ou plus [&hellip;]<\/p>\n","protected":false},"author":1,"featured_media":0,"parent":0,"menu_order":0,"comment_status":"open","ping_status":"open","template":"","meta":{"footnotes":""},"class_list":["post-99","page","type-page","status-publish","hentry"],"_links":{"self":[{"href":"https:\/\/en-accord.fr\/index.php\/wp-json\/wp\/v2\/pages\/99","targetHints":{"allow":["GET"]}}],"collection":[{"href":"https:\/\/en-accord.fr\/index.php\/wp-json\/wp\/v2\/pages"}],"about":[{"href":"https:\/\/en-accord.fr\/index.php\/wp-json\/wp\/v2\/types\/page"}],"author":[{"embeddable":true,"href":"https:\/\/en-accord.fr\/index.php\/wp-json\/wp\/v2\/users\/1"}],"replies":[{"embeddable":true,"href":"https:\/\/en-accord.fr\/index.php\/wp-json\/wp\/v2\/comments?post=99"}],"version-history":[{"count":21,"href":"https:\/\/en-accord.fr\/index.php\/wp-json\/wp\/v2\/pages\/99\/revisions"}],"predecessor-version":[{"id":1388,"href":"https:\/\/en-accord.fr\/index.php\/wp-json\/wp\/v2\/pages\/99\/revisions\/1388"}],"wp:attachment":[{"href":"https:\/\/en-accord.fr\/index.php\/wp-json\/wp\/v2\/media?parent=99"}],"curies":[{"name":"wp","href":"https:\/\/api.w.org\/{rel}","templated":true}]}}