{"id":718,"date":"2015-12-01T17:11:47","date_gmt":"2015-12-01T17:11:47","guid":{"rendered":"http:\/\/en-accord.fr\/?page_id=718"},"modified":"2016-04-10T16:41:21","modified_gmt":"2016-04-10T16:41:21","slug":"pour-se-lancer","status":"publish","type":"page","link":"https:\/\/en-accord.fr\/index.php\/pour-se-lancer\/","title":{"rendered":"Pour se lancer"},"content":{"rendered":"<p>[vc_row][vc_column width=\u00a0\u00bb1\/4&Prime;][\/vc_column][vc_column width=\u00a0\u00bb1\/2&Prime;][vc_icon icon_fontawesome=\u00a0\u00bbfa fa-bicycle\u00a0\u00bb color=\u00a0\u00bbviolet\u00a0\u00bb size=\u00a0\u00bbxl\u00a0\u00bb align=\u00a0\u00bbcenter\u00a0\u00bb][\/vc_column][vc_column width=\u00a0\u00bb1\/4&Prime;][\/vc_column][\/vc_row][vc_row css=\u00a0\u00bb.vc_custom_1448991065572{margin-top: -60px !important;}\u00a0\u00bb][vc_column width=\u00a0\u00bb1\/4&Prime;][\/vc_column][vc_column width=\u00a0\u00bb1\/2&Prime;][vc_column_text]<\/p>\n<h2 style=\"text-align: center;\">Pour se lancer<\/h2>\n<p>[\/vc_column_text][\/vc_column][vc_column width=\u00a0\u00bb1\/4&Prime;][\/vc_column][\/vc_row][vc_row css=\u00a0\u00bb.vc_custom_1448991395321{margin-top: -20px !important;}\u00a0\u00bb][vc_column width=\u00a0\u00bb1\/4&Prime;][vc_single_image image=\u00a0\u00bb732&Prime; img_size=\u00a0\u00bb312&#215;209&Prime; style=\u00a0\u00bbvc_box_rounded\u00a0\u00bb][\/vc_column][vc_column width=\u00a0\u00bb1\/2&Prime;][vc_column_text]Certains me demandent des \u00abpackages\u00bb, des \u00abkits\u00bb pour essayer une offre globale et vivre les 3 activit\u00e9s en synergie. Je peux en proposer bien sur, mais chaque personne vient avec ses attentes et ses besoins, certains connus de vous, d\u2019autres que je vous permet d\u2019\u00e9clairer, et chaque offre du coup est pour moi unique, \u00abfaite sur mesure\u00bb, parfaitement adapt\u00e9e \u00e0 vous, ici et maintenant.<\/p>\n<p>Lancez-vous : venez me voir, discutons en <a href=\"http:\/\/en-accord.fr\/index.php\/contact\/\">au t\u00e9l\u00e9phone<\/a> ou en <a href=\"http:\/\/en-accord.fr\/index.php\/seance-decouverte\/\">s\u00e9ance d\u00e9couverte<\/a> et nous d\u00e9terminerons ensemble la meilleure mani\u00e8re d\u2019avancer, pour vous.<\/p>\n<p>Je proposerai parfois des \u00abkits\u00bb incluant 2 ou 3 de mes activit\u00e9s, avec des offres sp\u00e9ciales pour vous faire d\u00e9couvrir certains aspects de ma pratique. Alors revenez voir cette page r\u00e9guli\u00e8rement ![\/vc_column_text][\/vc_column][vc_column width=\u00a0\u00bb1\/4&Prime;][\/vc_column][\/vc_row][vc_row][vc_column]<div class=\"testimonial_item testimonial_style_default clearfix\"  data-animation-delay=\"01\"><div class=\"testimonials_text\"  style=\"background-color:#8d6dc4;margin-bottom:20px;color:#000000;font-size:14pxpx;\"><span id=\"yui_3_16_0_1_1456755667201_3447\">Travailler avec Isabelle, venir l\u00e2cher prise entre ses mains, bouger dans ses cours, ou explorer la richesse des compl\u00e9ments nutritionnels qu\u2019elle propose, sont toutes des opportunit\u00e9s de prendre sa sant\u00e9 en main, d\u2019\u00eatre pro-actif dans la pr\u00e9vention ou de toucher aux causes profondes ou aux raisons du mal \u00eatre, du malaise et des maladies lorsqu\u2019il y en a.\u00a0Finis les \u00abmaux du corps et de l\u2019\u00e2me\u00bb, vive le bien \u00eatre\u00a0!<\/span><span class=\"testimonial_arrow\"  style=\"border-color:#8d6dc4;\"><\/span><\/div><div class=\"testimonials_author\"><div class=\"testimonial_info\"><span class=\"testimonial_author_name\" >Sara, 45 ans<\/span><span class=\"testimonial_author_position\"  style=\"color:#3f3f3f;\">kin\u00e9siologue<\/span><\/div><\/div><\/div>[\/vc_column][\/vc_row]<\/p>\n","protected":false},"excerpt":{"rendered":"<p>[vc_row][vc_column width=\u00a0\u00bb1\/4&Prime;][\/vc_column][vc_column width=\u00a0\u00bb1\/2&Prime;][vc_icon icon_fontawesome=\u00a0\u00bbfa fa-bicycle\u00a0\u00bb color=\u00a0\u00bbviolet\u00a0\u00bb size=\u00a0\u00bbxl\u00a0\u00bb align=\u00a0\u00bbcenter\u00a0\u00bb][\/vc_column][vc_column width=\u00a0\u00bb1\/4&Prime;][\/vc_column][\/vc_row][vc_row css=\u00a0\u00bb.vc_custom_1448991065572{margin-top: -60px !important;}\u00a0\u00bb][vc_column width=\u00a0\u00bb1\/4&Prime;][\/vc_column][vc_column width=\u00a0\u00bb1\/2&Prime;][vc_column_text] Pour se lancer [\/vc_column_text][\/vc_column][vc_column width=\u00a0\u00bb1\/4&Prime;][\/vc_column][\/vc_row][vc_row css=\u00a0\u00bb.vc_custom_1448991395321{margin-top: -20px !important;}\u00a0\u00bb][vc_column width=\u00a0\u00bb1\/4&Prime;][vc_single_image image=\u00a0\u00bb732&Prime; img_size=\u00a0\u00bb312&#215;209&Prime; style=\u00a0\u00bbvc_box_rounded\u00a0\u00bb][\/vc_column][vc_column width=\u00a0\u00bb1\/2&Prime;][vc_column_text]Certains me demandent des \u00abpackages\u00bb, des \u00abkits\u00bb pour essayer une offre globale et vivre les 3 activit\u00e9s en synergie. Je peux en proposer bien sur, mais chaque personne vient [&hellip;]<\/p>\n","protected":false},"author":1,"featured_media":0,"parent":0,"menu_order":0,"comment_status":"closed","ping_status":"closed","template":"","meta":{"footnotes":""},"class_list":["post-718","page","type-page","status-publish","hentry"],"_links":{"self":[{"href":"https:\/\/en-accord.fr\/index.php\/wp-json\/wp\/v2\/pages\/718","targetHints":{"allow":["GET"]}}],"collection":[{"href":"https:\/\/en-accord.fr\/index.php\/wp-json\/wp\/v2\/pages"}],"about":[{"href":"https:\/\/en-accord.fr\/index.php\/wp-json\/wp\/v2\/types\/page"}],"author":[{"embeddable":true,"href":"https:\/\/en-accord.fr\/index.php\/wp-json\/wp\/v2\/users\/1"}],"replies":[{"embeddable":true,"href":"https:\/\/en-accord.fr\/index.php\/wp-json\/wp\/v2\/comments?post=718"}],"version-history":[{"count":30,"href":"https:\/\/en-accord.fr\/index.php\/wp-json\/wp\/v2\/pages\/718\/revisions"}],"predecessor-version":[{"id":1385,"href":"https:\/\/en-accord.fr\/index.php\/wp-json\/wp\/v2\/pages\/718\/revisions\/1385"}],"wp:attachment":[{"href":"https:\/\/en-accord.fr\/index.php\/wp-json\/wp\/v2\/media?parent=718"}],"curies":[{"name":"wp","href":"https:\/\/api.w.org\/{rel}","templated":true}]}}