{"id":54,"date":"2015-06-25T14:27:50","date_gmt":"2015-06-25T14:27:50","guid":{"rendered":"http:\/\/en-accord.fr\/?page_id=54"},"modified":"2018-07-03T12:03:38","modified_gmt":"2018-07-03T12:03:38","slug":"etre-en-mouvement","status":"publish","type":"page","link":"https:\/\/en-accord.fr\/index.php\/etre-en-mouvement\/","title":{"rendered":"\u00catre en mouvement"},"content":{"rendered":"<p>[vc_row][vc_column width=\u00a0\u00bb1\/4&Prime;][vc_column_text]<br \/>\n[\/vc_column_text][\/vc_column][vc_column width=\u00a0\u00bb1\/2&Prime;][vc_icon type=\u00a0\u00bbentypo\u00a0\u00bb icon_entypo=\u00a0\u00bbentypo-icon entypo-icon-light-up\u00a0\u00bb color=\u00a0\u00bbcustom\u00a0\u00bb size=\u00a0\u00bbxl\u00a0\u00bb align=\u00a0\u00bbcenter\u00a0\u00bb custom_color=\u00a0\u00bb#fcde48&Prime;][\/vc_column][vc_column width=\u00a0\u00bb1\/4&Prime;][vc_column_text]<br \/>\n[\/vc_column_text][\/vc_column][\/vc_row][vc_row unique_color=\u00a0\u00bb#26bdef\u00a0\u00bb css=\u00a0\u00bb.vc_custom_1441201598647{margin-top: -60px !important;}\u00a0\u00bb][vc_column width=\u00a0\u00bb1\/4&Prime;][vc_column_text]<br \/>\n[\/vc_column_text][\/vc_column][vc_column width=\u00a0\u00bb1\/2&Prime;][vc_column_text]<\/p>\n<h2 style=\"text-align: center;\">\u00catre en Mouvement<\/h2>\n<p>[\/vc_column_text][\/vc_column][vc_column width=\u00a0\u00bb1\/4&Prime;][vc_column_text]<br \/>\n[\/vc_column_text][\/vc_column][\/vc_row][vc_row unique_color=\u00a0\u00bb#26bdef\u00a0\u00bb css=\u00a0\u00bb.vc_custom_1441199524678{margin-top: -20px !important;}\u00a0\u00bb][vc_column width=\u00a0\u00bb1\/4&Prime;][vc_single_image image=\u00a0\u00bb1216&Prime; img_size=\u00a0\u00bb300&#215;450&Prime; alignment=\u00a0\u00bbcenter\u00a0\u00bb style=\u00a0\u00bbvc_box_rounded\u00a0\u00bb][\/vc_column][vc_column width=\u00a0\u00bb1\/2&Prime;][vc_column_text]Les cours de \u00abmouvement \u00e9nerg\u00e9tique\u00bb que je propose se basent sur les bienfaits du <a href=\"http:\/\/en-accord.fr\/index.php\/yoga-et-qi-gong\/\">Yoga<\/a> (de style Hatha Yoga \/ Scaravelli), associ\u00e9s \u00e0 des inspirations de ma pratique du <a href=\"http:\/\/en-accord.fr\/index.php\/yoga-et-qi-gong\/\">Qi Gong<\/a>.<br \/>\nLes cours vous permettent d\u2019am\u00e9liorer votre souplesse et votre tonus. Ils encouragent d\u00e9tente mentale et bien \u00eatre physique, et sont l\u2019occasion de l\u00e2cher prise et de se centrer. En m\u00eame temps ils vous permettent de \u00abreprendre en mains\u00bb votre corps, en fortifiant vos muscles et vos organes, en assouplissant vos articulations, en travaillant sur votre alignement et l&rsquo;harmonisation de tout votre \u00eatre.<br \/>\nLes cours sont vari\u00e9s, ludiques, zen et toujours adapt\u00e9s aux besoins des personnes pr\u00e9sentes. Je mets \u00e0 profit mon expertise pour que le cours corresponde \u00e0 vos attentes et vos besoins, ici et maintenant.<\/p>\n<p><a href=\"http:\/\/en-accord.fr\/index.php\/yoga-et-qi-gong\/\">D\u00e9couvrir le Yoga et le Qi gong<\/a>[\/vc_column_text][vc_column_text]<br \/>\n[\/vc_column_text][\/vc_column][vc_column width=\u00a0\u00bb1\/4&Prime;][vc_column_text]<br \/>\n[\/vc_column_text][\/vc_column][\/vc_row][vc_row][vc_column]<div class=\"testimonial_item testimonial_style_default clearfix\"  data-animation-delay=\"01\"><div class=\"testimonials_text\"  style=\"background-color:#61a611;margin-bottom:20px;color:#ffffff;font-size:14px;\">Que de joie dans les cours d&rsquo;Isabelle !<span class=\"testimonial_arrow\"  style=\"border-color:#61a611;\"><\/span><\/div><div class=\"testimonials_author\"><div class=\"testimonial_info\"><span class=\"testimonial_author_name\" >M\u00e9lanie, 28 ans<\/span><span class=\"testimonial_author_position\" ><\/span><\/div><\/div><\/div>[\/vc_column][\/vc_row][vc_row][\/vc_row][vc_row][vc_column]<div class=\"testimonial_item testimonial_style_default clearfix\"  data-animation-delay=\"01\"><div class=\"testimonials_text\"  style=\"background-color:#5baee9;margin-bottom:20px;color:#ffffff;\">J&rsquo;ai la sensation que mon corps, mon c\u0153ur et mon \u00e2me, sont enfin r\u00e9unis, pour une vie en symphonie. Je dirai m\u00eame que j&rsquo;ai retrouv\u00e9 mon \u00e9tincelle de vie. Je me sens lib\u00e9r\u00e9e et all\u00e9g\u00e9e et vous en remercie<span class=\"testimonial_arrow\"  style=\"border-color:#5baee9;\"><\/span><\/div><div class=\"testimonials_author\"><div class=\"testimonial_info\"><span class=\"testimonial_author_name\" >Nathalie, 55 ans <\/span><span class=\"testimonial_author_position\" ><\/span><\/div><\/div><\/div>[\/vc_column][\/vc_row]<\/p>\n","protected":false},"excerpt":{"rendered":"<p>[vc_row][vc_column width=\u00a0\u00bb1\/4&Prime;][vc_column_text] [\/vc_column_text][\/vc_column][vc_column width=\u00a0\u00bb1\/2&Prime;][vc_icon type=\u00a0\u00bbentypo\u00a0\u00bb icon_entypo=\u00a0\u00bbentypo-icon entypo-icon-light-up\u00a0\u00bb color=\u00a0\u00bbcustom\u00a0\u00bb size=\u00a0\u00bbxl\u00a0\u00bb align=\u00a0\u00bbcenter\u00a0\u00bb custom_color=\u00a0\u00bb#fcde48&Prime;][\/vc_column][vc_column width=\u00a0\u00bb1\/4&Prime;][vc_column_text] [\/vc_column_text][\/vc_column][\/vc_row][vc_row unique_color=\u00a0\u00bb#26bdef\u00a0\u00bb css=\u00a0\u00bb.vc_custom_1441201598647{margin-top: -60px !important;}\u00a0\u00bb][vc_column width=\u00a0\u00bb1\/4&Prime;][vc_column_text] [\/vc_column_text][\/vc_column][vc_column width=\u00a0\u00bb1\/2&Prime;][vc_column_text] \u00catre en Mouvement [\/vc_column_text][\/vc_column][vc_column width=\u00a0\u00bb1\/4&Prime;][vc_column_text] [\/vc_column_text][\/vc_column][\/vc_row][vc_row unique_color=\u00a0\u00bb#26bdef\u00a0\u00bb css=\u00a0\u00bb.vc_custom_1441199524678{margin-top: -20px !important;}\u00a0\u00bb][vc_column width=\u00a0\u00bb1\/4&Prime;][vc_single_image image=\u00a0\u00bb1216&Prime; img_size=\u00a0\u00bb300&#215;450&Prime; alignment=\u00a0\u00bbcenter\u00a0\u00bb style=\u00a0\u00bbvc_box_rounded\u00a0\u00bb][\/vc_column][vc_column width=\u00a0\u00bb1\/2&Prime;][vc_column_text]Les cours de \u00abmouvement \u00e9nerg\u00e9tique\u00bb que je propose se basent sur les bienfaits du Yoga (de style Hatha Yoga \/ [&hellip;]<\/p>\n","protected":false},"author":1,"featured_media":0,"parent":0,"menu_order":0,"comment_status":"open","ping_status":"open","template":"","meta":{"footnotes":""},"class_list":["post-54","page","type-page","status-publish","hentry"],"_links":{"self":[{"href":"https:\/\/en-accord.fr\/index.php\/wp-json\/wp\/v2\/pages\/54","targetHints":{"allow":["GET"]}}],"collection":[{"href":"https:\/\/en-accord.fr\/index.php\/wp-json\/wp\/v2\/pages"}],"about":[{"href":"https:\/\/en-accord.fr\/index.php\/wp-json\/wp\/v2\/types\/page"}],"author":[{"embeddable":true,"href":"https:\/\/en-accord.fr\/index.php\/wp-json\/wp\/v2\/users\/1"}],"replies":[{"embeddable":true,"href":"https:\/\/en-accord.fr\/index.php\/wp-json\/wp\/v2\/comments?post=54"}],"version-history":[{"count":76,"href":"https:\/\/en-accord.fr\/index.php\/wp-json\/wp\/v2\/pages\/54\/revisions"}],"predecessor-version":[{"id":1538,"href":"https:\/\/en-accord.fr\/index.php\/wp-json\/wp\/v2\/pages\/54\/revisions\/1538"}],"wp:attachment":[{"href":"https:\/\/en-accord.fr\/index.php\/wp-json\/wp\/v2\/media?parent=54"}],"curies":[{"name":"wp","href":"https:\/\/api.w.org\/{rel}","templated":true}]}}