{"id":52,"date":"2015-06-25T14:27:16","date_gmt":"2015-06-25T14:27:16","guid":{"rendered":"http:\/\/en-accord.fr\/?page_id=52"},"modified":"2016-07-20T09:24:53","modified_gmt":"2016-07-20T09:24:53","slug":"etre-aligne","status":"publish","type":"page","link":"https:\/\/en-accord.fr\/index.php\/etre-aligne\/","title":{"rendered":"\u00catre align\u00e9"},"content":{"rendered":"<p>[vc_row][vc_column width=\u00a0\u00bb1\/4&Prime;][vc_column_text]<br \/>\n[\/vc_column_text][\/vc_column][vc_column width=\u00a0\u00bb1\/2&Prime;][vc_icon icon_fontawesome=\u00a0\u00bbfa fa-heart-o\u00a0\u00bb color=\u00a0\u00bbgreen\u00a0\u00bb size=\u00a0\u00bbxl\u00a0\u00bb align=\u00a0\u00bbcenter\u00a0\u00bb][\/vc_column][vc_column width=\u00a0\u00bb1\/4&Prime;][vc_column_text]<br \/>\n[\/vc_column_text][\/vc_column][\/vc_row][vc_row unique_color=\u00a0\u00bb#26bdef\u00a0\u00bb css=\u00a0\u00bb.vc_custom_1441202631390{margin-top: -60px !important;}\u00a0\u00bb][vc_column width=\u00a0\u00bb1\/4&Prime;][vc_column_text]<br \/>\n[\/vc_column_text][\/vc_column][vc_column width=\u00a0\u00bb1\/2&Prime;][vc_column_text]<\/p>\n<h2 style=\"text-align: center;\">\u00catre align\u00e9<\/h2>\n<p>[\/vc_column_text][\/vc_column][vc_column width=\u00a0\u00bb1\/4&Prime;][vc_column_text]<br \/>\n[\/vc_column_text][\/vc_column][\/vc_row][vc_row unique_color=\u00a0\u00bb#26bdef\u00a0\u00bb css=\u00a0\u00bb.vc_custom_1442496005392{margin-top: -20px !important;}\u00a0\u00bb][vc_column width=\u00a0\u00bb1\/4&Prime;][vc_single_image image=\u00a0\u00bb822&Prime; img_size=\u00a0\u00bbmedium\u00a0\u00bb alignment=\u00a0\u00bbcenter\u00a0\u00bb style=\u00a0\u00bbvc_box_rounded\u00a0\u00bb][\/vc_column][vc_column width=\u00a0\u00bb1\/2&Prime;][vc_column_text]Votre corps est comme un instrument de musique. Il est important de l\u2019accorder et le r\u00e9-accorder r\u00e9guli\u00e8rement, pour qu\u2019il sonne juste, pour se sentir pleinement en vie. Ce travail est doux et profond. Ma technique principale est la <a href=\"http:\/\/en-accord.fr\/index.php\/therapie-cranio-sacree\/\">Th\u00e9rapie Cranio-Sacr\u00e9e<\/a> \u2013 harmonisation de l\u2019axe t\u00eate-colonne-sacrum, aussi appel\u00e9e Th\u00e9rapie Cranio Sacrale &#8211; qui repose sur les principes de l\u2019ost\u00e9opathie cr\u00e2nienne, et donne une dimension structurelle et physique au travail effectu\u00e9. Le reste est plus \u00e9nerg\u00e9tique : je mets en harmonie vos vibrations au niveau des cellules, des chakras, des n\u0153uds \u00e9motionnels, du fascia, des organes et des m\u00e9ridiens. Le <a href=\"http:\/\/en-accord.fr\/index.php\/reiki\/\">Reiki<\/a> et autres techniques de soin m\u2019accompagnent dans cette harmonisation. Ces pratiques ajoutent une note plus subtile, encouragent la r\u00e9sonance corps-\u00e2me-mental et donnent parfois aux soins une dimension plus spirituelle, selon ce que vous recherchez.<br \/>\nUne heure sur ma table c\u2019est une heure de bien-\u00eatre physique et int\u00e9rieur; c\u2019est se donner un temps pour soi, une pause dont on ressort \u00ab r\u00e9-accord\u00e9 \u00bb, centr\u00e9, ancr\u00e9 et all\u00e9g\u00e9. Un temps pour passer aussi de la douleur \u00e0 la douceur, quand on souffre.<\/p>\n<p>D\u00e9couvrir <a href=\"http:\/\/en-accord.fr\/index.php\/therapie-cranio-sacree\/\">la Th\u00e9rapie cranio-sacr\u00e9e<\/a> et <a href=\"http:\/\/en-accord.fr\/index.php\/reiki\/\">le Reiki<\/a>[\/vc_column_text][\/vc_column][vc_column width=\u00a0\u00bb1\/4&Prime;][vc_column_text]<br \/>\n[\/vc_column_text][\/vc_column][\/vc_row][vc_row][vc_column]<div class=\"testimonial_item testimonial_style_default clearfix\"  data-animation-delay=\"01\"><div class=\"testimonials_text\"  style=\"background-color:#5baee9;margin-bottom:20px;color:#ffffff;\">Je sors d&rsquo;une s\u00e9ance avec Isabelle, un soin \u00e9nerg\u00e9tique et d&rsquo;harmonisation cranio sacr\u00e9e. Je me sens en super forme. C&rsquo;est comme si elle avait \u00ab\u00a0rebranch\u00e9\u00a0\u00bb mon \u00e9nergie ! \u00c7a circule, je sens que tout vibre \u00e0 l&rsquo;int\u00e9rieur et chaque partie du corps a eu son lot d&rsquo;attention et d&rsquo;harmonisation. J&rsquo;adore, c&rsquo;est tr\u00e8s puissant ! \u00c0 faire \u00e0 chaque saison, ou chaque pleine lune !!!<span class=\"testimonial_arrow\"  style=\"border-color:#5baee9;\"><\/span><\/div><div class=\"testimonials_author\"><div class=\"testimonial_info\"><span class=\"testimonial_author_name\" >Nathalie, 45 ans<\/span><span class=\"testimonial_author_position\" ><\/span><\/div><\/div><\/div>[\/vc_column][\/vc_row]<\/p>\n","protected":false},"excerpt":{"rendered":"<p>[vc_row][vc_column width=\u00a0\u00bb1\/4&Prime;][vc_column_text] [\/vc_column_text][\/vc_column][vc_column width=\u00a0\u00bb1\/2&Prime;][vc_icon icon_fontawesome=\u00a0\u00bbfa fa-heart-o\u00a0\u00bb color=\u00a0\u00bbgreen\u00a0\u00bb size=\u00a0\u00bbxl\u00a0\u00bb align=\u00a0\u00bbcenter\u00a0\u00bb][\/vc_column][vc_column width=\u00a0\u00bb1\/4&Prime;][vc_column_text] [\/vc_column_text][\/vc_column][\/vc_row][vc_row unique_color=\u00a0\u00bb#26bdef\u00a0\u00bb css=\u00a0\u00bb.vc_custom_1441202631390{margin-top: -60px !important;}\u00a0\u00bb][vc_column width=\u00a0\u00bb1\/4&Prime;][vc_column_text] [\/vc_column_text][\/vc_column][vc_column width=\u00a0\u00bb1\/2&Prime;][vc_column_text] \u00catre align\u00e9 [\/vc_column_text][\/vc_column][vc_column width=\u00a0\u00bb1\/4&Prime;][vc_column_text] [\/vc_column_text][\/vc_column][\/vc_row][vc_row unique_color=\u00a0\u00bb#26bdef\u00a0\u00bb css=\u00a0\u00bb.vc_custom_1442496005392{margin-top: -20px !important;}\u00a0\u00bb][vc_column width=\u00a0\u00bb1\/4&Prime;][vc_single_image image=\u00a0\u00bb822&Prime; img_size=\u00a0\u00bbmedium\u00a0\u00bb alignment=\u00a0\u00bbcenter\u00a0\u00bb style=\u00a0\u00bbvc_box_rounded\u00a0\u00bb][\/vc_column][vc_column width=\u00a0\u00bb1\/2&Prime;][vc_column_text]Votre corps est comme un instrument de musique. Il est important de l\u2019accorder et le r\u00e9-accorder r\u00e9guli\u00e8rement, pour qu\u2019il sonne juste, pour se [&hellip;]<\/p>\n","protected":false},"author":1,"featured_media":0,"parent":0,"menu_order":0,"comment_status":"open","ping_status":"open","template":"","meta":{"footnotes":""},"class_list":["post-52","page","type-page","status-publish","hentry"],"_links":{"self":[{"href":"https:\/\/en-accord.fr\/index.php\/wp-json\/wp\/v2\/pages\/52","targetHints":{"allow":["GET"]}}],"collection":[{"href":"https:\/\/en-accord.fr\/index.php\/wp-json\/wp\/v2\/pages"}],"about":[{"href":"https:\/\/en-accord.fr\/index.php\/wp-json\/wp\/v2\/types\/page"}],"author":[{"embeddable":true,"href":"https:\/\/en-accord.fr\/index.php\/wp-json\/wp\/v2\/users\/1"}],"replies":[{"embeddable":true,"href":"https:\/\/en-accord.fr\/index.php\/wp-json\/wp\/v2\/comments?post=52"}],"version-history":[{"count":68,"href":"https:\/\/en-accord.fr\/index.php\/wp-json\/wp\/v2\/pages\/52\/revisions"}],"predecessor-version":[{"id":1465,"href":"https:\/\/en-accord.fr\/index.php\/wp-json\/wp\/v2\/pages\/52\/revisions\/1465"}],"wp:attachment":[{"href":"https:\/\/en-accord.fr\/index.php\/wp-json\/wp\/v2\/media?parent=52"}],"curies":[{"name":"wp","href":"https:\/\/api.w.org\/{rel}","templated":true}]}}