{"id":48,"date":"2015-06-25T14:24:42","date_gmt":"2015-06-25T14:24:42","guid":{"rendered":"http:\/\/en-accord.fr\/?page_id=48"},"modified":"2016-11-24T13:46:00","modified_gmt":"2016-11-24T13:46:00","slug":"qui-suis-je","status":"publish","type":"page","link":"https:\/\/en-accord.fr\/index.php\/qui-suis-je\/","title":{"rendered":"Qui suis-je ?"},"content":{"rendered":"<p>[vc_row][vc_column][vc_empty_space height=\u00a0\u00bb15px\u00a0\u00bb][\/vc_column][\/vc_row][vc_row][vc_column][vc_column_text]<\/p>\n<h2 style=\"text-align: center;\">Qui suis-je ?<\/h2>\n<p>[\/vc_column_text][\/vc_column][\/vc_row][vc_row][vc_column width=\u00a0\u00bb1\/4&Prime;][vc_single_image image=\u00a0\u00bb1180&Prime; img_size=\u00a0\u00bb300&#215;500&Prime; style=\u00a0\u00bbvc_box_rounded\u00a0\u00bb css=\u00a0\u00bb.vc_custom_1458848616619{padding-right: 10px !important;}\u00a0\u00bb][\/vc_column][vc_column width=\u00a0\u00bb1\/2&Prime;][vc_column_text]Praticienne en Energ\u00e9tique, je propose une approche globale du corps, de l\u2019esprit, de l\u2019\u00e2me et des \u00e9motions. Je pratique depuis plus de 12 ans et c&rsquo;est une passion depuis l&rsquo;enfance.<\/p>\n<p>Form\u00e9e \u00e0 la <a href=\"http:\/\/en-accord.fr\/index.php\/therapie-cranio-sacree\/\">Th\u00e9rapie Cranio-Sacr\u00e9e<\/a>\u00a0au Royaume Uni en 2003-2005, je pratique les soins \u00e9nerg\u00e9tiques depuis plus de 12 ans. Inspir\u00e9e par la m\u00e9decine chinoise et les m\u00e9ridiens, initi\u00e9e au Reiki et \u00e0 son \u00e9nergie bienfaisante, je me suis aussi form\u00e9e au fil des 12 derni\u00e8res ann\u00e9es \u00e0 d\u2019autres techniques de massages, aromath\u00e9rapie, kin\u00e9siologie et nutrition, que j\u2019utilise selon les besoins de chacun.<\/p>\n<p>Depuis 5 ans je me suis form\u00e9e aux techniques plus sp\u00e9cifiques du mouvement \u00e9nerg\u00e9tique (<a href=\"http:\/\/en-accord.fr\/index.php\/yoga-et-qi-gong\/\">yoga et qi gong<\/a>), dans le but de pouvoir donner \u00e0 mes clients des outils pour s\u2019aider eux-m\u00eame, et \u00eatre plus dans une autonomie de soin. M\u00eame id\u00e9e avec l\u2019offre de compl\u00e9ments alimentaires qui j\u2019ai ajout\u00e9e il y a 4\u00a0ans, et qui permet de prendre sa sant\u00e9 \u00aben mains\u00bb, de la retrouver si on l&rsquo;a perdue, de la fortifier et de se nourrir en conscience.<\/p>\n<p>Mon approche est profond\u00e9ment \u00abholistique\u00bb : je vois la sant\u00e9 comme un tout, et toutes les parties de notre corps et de notre \u00eatre reli\u00e9es et connect\u00e9es.<\/p>\n<p>Venez me voir et je vous accompagnerai dans la recherche de chemins inspirants pour retrouver \u2013 ou garder \u2013 la joie de vivre, l\u2019\u00e9nergie, la paix int\u00e9rieure, ou autres \u00e9tats d\u2019\u00eatre qui vous sont chers.[\/vc_column_text][\/vc_column][vc_column width=\u00a0\u00bb1\/4&Prime;][\/vc_column][\/vc_row][vc_row][vc_column]<div class=\"testimonial_item testimonial_style_default clearfix\"  data-animation-delay=\"01\"><div class=\"testimonials_text\"  style=\"background-color:#61a611;margin-bottom:20px;color:#ffffff;font-size:14px;\"><span id=\"yui_3_16_0_1_1456755667201_4082\">Avec Isabelle, j\u2019ai pu comprendre et sentir ce qu\u2019est une vie sans douleurs. J\u2019ai pu int\u00e9grer \u00e0 ma vie des gestes sant\u00e9 qui me permettent d\u2019\u00eatre de plus en plus autonome pour prendre soin de moi. Que ce soit des compl\u00e9ments alimentaires selon mes besoins, du yoga r\u00e9guli\u00e8rement ou des soins \u00e9nerg\u00e9tiques \u00e0 chaque saison, je me sens pleinement en charge et \u00abdans mon pouvoir\u00bb\u00a0!\u00a0J\u2019ai tout essay\u00e9 et je recommande tout\u00a0!<\/span><span class=\"testimonial_arrow\"  style=\"border-color:#61a611;\"><\/span><\/div><div class=\"testimonials_author\"><div class=\"testimonial_info\"><span class=\"testimonial_author_name\" >Ana\u00efs, 35 ans<\/span><span class=\"testimonial_author_position\" ><\/span><\/div><\/div><\/div>[\/vc_column][\/vc_row][vc_row][vc_column]<div class=\"testimonial_item testimonial_style_default clearfix\"  data-animation-delay=\"01\"><div class=\"testimonials_text\"  style=\"background-color:#5baee9;margin-bottom:20px;color:#ffffff;font-size:14px;\">Baign\u00e9e d\u2019influences occidentales et orientales, Isabelle allie dans ses soins un travail structurel dans la lign\u00e9e de l\u2019ost\u00e9opathie douce, avec les bienfaits de l\u2019\u00e9nerg\u00e9tique, de harmonisation des m\u00e9ridiens et chakras, \u00e9quilibrant ainsi autant le physique que l\u2019\u00e9motionnel et le spirituel.<br \/>\nUne sacr\u00e9e experte aux mains magiques. J\u2019adore\u00a0! Un r\u00e9gal \u00e0 chaque fois\u00a0!<span class=\"testimonial_arrow\"  style=\"border-color:#5baee9;\"><\/span><\/div><div class=\"testimonials_author\"><div class=\"testimonial_info\"><span class=\"testimonial_author_name\" >Philippe, 62 ans<\/span><span class=\"testimonial_author_position\" ><\/span><\/div><\/div><\/div>[\/vc_column][\/vc_row][vc_row][vc_column][\/vc_column][\/vc_row]<\/p>\n","protected":false},"excerpt":{"rendered":"<p>[vc_row][vc_column][vc_empty_space height=\u00a0\u00bb15px\u00a0\u00bb][\/vc_column][\/vc_row][vc_row][vc_column][vc_column_text] Qui suis-je ? [\/vc_column_text][\/vc_column][\/vc_row][vc_row][vc_column width=\u00a0\u00bb1\/4&Prime;][vc_single_image image=\u00a0\u00bb1180&Prime; img_size=\u00a0\u00bb300&#215;500&Prime; style=\u00a0\u00bbvc_box_rounded\u00a0\u00bb css=\u00a0\u00bb.vc_custom_1458848616619{padding-right: 10px !important;}\u00a0\u00bb][\/vc_column][vc_column width=\u00a0\u00bb1\/2&Prime;][vc_column_text]Praticienne en Energ\u00e9tique, je propose une approche globale du corps, de l\u2019esprit, de l\u2019\u00e2me et des \u00e9motions. Je pratique depuis plus de 12 ans et c&rsquo;est une passion depuis l&rsquo;enfance. Form\u00e9e \u00e0 la Th\u00e9rapie Cranio-Sacr\u00e9e\u00a0au Royaume Uni en 2003-2005, je pratique les [&hellip;]<\/p>\n","protected":false},"author":1,"featured_media":0,"parent":0,"menu_order":0,"comment_status":"open","ping_status":"open","template":"","meta":{"footnotes":""},"class_list":["post-48","page","type-page","status-publish","hentry"],"_links":{"self":[{"href":"https:\/\/en-accord.fr\/index.php\/wp-json\/wp\/v2\/pages\/48","targetHints":{"allow":["GET"]}}],"collection":[{"href":"https:\/\/en-accord.fr\/index.php\/wp-json\/wp\/v2\/pages"}],"about":[{"href":"https:\/\/en-accord.fr\/index.php\/wp-json\/wp\/v2\/types\/page"}],"author":[{"embeddable":true,"href":"https:\/\/en-accord.fr\/index.php\/wp-json\/wp\/v2\/users\/1"}],"replies":[{"embeddable":true,"href":"https:\/\/en-accord.fr\/index.php\/wp-json\/wp\/v2\/comments?post=48"}],"version-history":[{"count":86,"href":"https:\/\/en-accord.fr\/index.php\/wp-json\/wp\/v2\/pages\/48\/revisions"}],"predecessor-version":[{"id":1469,"href":"https:\/\/en-accord.fr\/index.php\/wp-json\/wp\/v2\/pages\/48\/revisions\/1469"}],"wp:attachment":[{"href":"https:\/\/en-accord.fr\/index.php\/wp-json\/wp\/v2\/media?parent=48"}],"curies":[{"name":"wp","href":"https:\/\/api.w.org\/{rel}","templated":true}]}}