{"id":46,"date":"2015-06-25T14:23:48","date_gmt":"2015-06-25T14:23:48","guid":{"rendered":"http:\/\/en-accord.fr\/?page_id=46"},"modified":"2018-07-16T15:01:17","modified_gmt":"2018-07-16T15:01:17","slug":"soins","status":"publish","type":"page","link":"https:\/\/en-accord.fr\/index.php\/soins\/","title":{"rendered":"Soins"},"content":{"rendered":"<p>[vc_row][vc_column][vc_empty_space height=\u00a0\u00bb15px\u00a0\u00bb][\/vc_column][\/vc_row][vc_row][vc_column width=\u00a0\u00bb1\/6&Prime;][vc_column_text]<br \/>\n[\/vc_column_text][\/vc_column][vc_column width=\u00a0\u00bb2\/3&Prime;][vc_column_text]<\/p>\n<h2 style=\"text-align: center;\"><strong>La philosophie des soins propos\u00e9s<\/strong><\/h2>\n<p>[\/vc_column_text][\/vc_column][vc_column width=\u00a0\u00bb1\/6&Prime;][vc_column_text]<br \/>\n[\/vc_column_text][\/vc_column][\/vc_row][vc_row gap=\u00a0\u00bb10&Prime; content_align=\u00a0\u00bbcenter\u00a0\u00bb unique_color=\u00a0\u00bb#26bdef\u00a0\u00bb][vc_column width=\u00a0\u00bb1\/4&Prime;][vc_single_image image=\u00a0\u00bb1324&Prime; img_size=\u00a0\u00bbmedium\u00a0\u00bb style=\u00a0\u00bbvc_box_rounded\u00a0\u00bb][\/vc_column][vc_column width=\u00a0\u00bb1\/2&Prime;][vc_column_text]Vous permettre d\u2019\u00eatre en harmonie, en accord et en vibrations : tel sera notre projet. Je propose une m\u00e9thode \u00abholistique\u00bb qui se d\u00e9cline en activit\u00e9s vari\u00e9es, et qui toujours aligne, apaise, soulage, mais aussi renforce et tonifie.<\/p>\n<p>Tour \u00e0 tour accordeuse harmonisant votre corps comme un instrument de musique, \u00e9lectricienne \u00abrebranchant\u00bb vos \u00e9nergies et \u00abrallumant\u00bb votre corps, plombier vous proposant des moyens pour \u00abnettoyer vos tuyauteries\u00bb, \u00abmagicienne\u00bb comme me nomment certains clients, praticienne en \u00e9nerg\u00e9tique et m\u00e9decines douces vous offrant un \u00e9ventail d\u2019outils pour prendre soin de vous, je cherche dans chacune de mes activit\u00e9s et techniques \u00e0 favoriser votre bien \u00eatre physique et int\u00e9rieur.<\/p>\n<p>Chacun des axes de notre travail sera \u00e0 la fois doux et profond, subtil et bien r\u00e9el: un \u00abr\u00e9-accordage\u00bb de vos \u00e9nergies, avec des ajustements \u00e0 plusieurs niveaux pour \u00eatre bien, \u00eatre mieux, \u00eatre en accord.<\/p>\n<p>Je vous accompagne \u00e0 la fois pour :[\/vc_column_text][\/vc_column][vc_column width=\u00a0\u00bb1\/4&Prime;][\/vc_column][\/vc_row][vc_row css=\u00a0\u00bb.vc_custom_1448994473813{margin-top: -20px !important;}\u00a0\u00bb][vc_column width=\u00a0\u00bb1\/6&Prime;][vc_column_text]<br \/>\n[\/vc_column_text][\/vc_column][vc_column width=\u00a0\u00bb1\/6&Prime;][vc_icon icon_fontawesome=\u00a0\u00bbfa fa-heart-o\u00a0\u00bb color=\u00a0\u00bbgreen\u00a0\u00bb align=\u00a0\u00bbcenter\u00a0\u00bb link=\u00a0\u00bburl:http%3A%2F%2Fen-accord.fr%2Findex.php%2Fetre-aligne%2F||\u00a0\u00bb][\/vc_column][vc_column width=\u00a0\u00bb1\/2&Prime;][vc_column_text]<span id=\"yui_3_16_0_1_1437581195814_2666\"><strong><a href=\"http:\/\/en-accord.fr\/index.php\/etre-aligne\/\">\u00catre align\u00e9<\/a><\/strong> <span id=\"yiv0023786945yui_3_16_0_1_1437581195814_2666\">Des soins \u00e9nerg\u00e9tiques pour retrouver, pr\u00e9server ou renforcer sa vitalit\u00e9 et son alignement, et soulager les douleurs. Le travail est \u00e0 la fois structurel, avec la <a href=\"http:\/\/en-accord.fr\/index.php\/therapie-cranio-sacree\/\">Th\u00e9rapie Cranio-Sacr\u00e9e<\/a> (ou Th\u00e9rapie Craniosacrale), et plus subtil avec les influences du <a href=\"http:\/\/en-accord.fr\/index.php\/reiki\/\">Reiki<\/a>.<\/span><br \/>\n<\/span>[\/vc_column_text][\/vc_column][vc_column width=\u00a0\u00bb1\/6&Prime; css=\u00a0\u00bb.vc_custom_1442387584478{margin-top: -20px !important;}\u00a0\u00bb][\/vc_column][\/vc_row][vc_row css=\u00a0\u00bb.vc_custom_1448994487252{margin-top: -20px !important;}\u00a0\u00bb][vc_column width=\u00a0\u00bb1\/6&Prime;][vc_column_text]<br \/>\n[\/vc_column_text][\/vc_column][vc_column width=\u00a0\u00bb1\/6&Prime;][vc_icon type=\u00a0\u00bbentypo\u00a0\u00bb icon_entypo=\u00a0\u00bbentypo-icon entypo-icon-light-up\u00a0\u00bb color=\u00a0\u00bbcustom\u00a0\u00bb align=\u00a0\u00bbcenter\u00a0\u00bb custom_color=\u00a0\u00bb#fcde48&Prime; link=\u00a0\u00bburl:http%3A%2F%2Fen-accord.fr%2Findex.php%2Fetre-en-mouvement%2F||\u00a0\u00bb][\/vc_column][vc_column width=\u00a0\u00bb1\/2&Prime;][vc_column_text]<strong><a href=\"http:\/\/en-accord.fr\/index.php\/etre-en-mouvement\/\">\u00catre en mouvement<\/a><\/strong> Des cours individuels ou collectifs, bas\u00e9s sur le <a href=\"http:\/\/en-accord.fr\/index.php\/yoga-et-qi-gong\/\">Yoga<\/a> (de style Hatha\/Scaravellli), et o\u00f9 se m\u00ealent les influences du <a href=\"http:\/\/en-accord.fr\/index.php\/yoga-et-qi-gong\/\">Qi Gong<\/a>, pour que corps et mental s\u2019apaisent, s\u2019assouplissent et se renforcent \u00e0 la fois.[\/vc_column_text][\/vc_column][vc_column width=\u00a0\u00bb1\/6&Prime; css=\u00a0\u00bb.vc_custom_1442387622980{margin-top: -20px !important;}\u00a0\u00bb][\/vc_column][\/vc_row][vc_row css=\u00a0\u00bb.vc_custom_1448994499366{margin-top: -20px !important;}\u00a0\u00bb][vc_column width=\u00a0\u00bb1\/6&Prime;][vc_column_text]<br \/>\n[\/vc_column_text][\/vc_column][vc_column width=\u00a0\u00bb1\/6&Prime; css=\u00a0\u00bb.vc_custom_1442387632267{margin-top: -20px !important;}\u00a0\u00bb][vc_icon type=\u00a0\u00bbtypicons\u00a0\u00bb icon_typicons=\u00a0\u00bbtypcn typcn-leaf\u00a0\u00bb color=\u00a0\u00bbsky\u00a0\u00bb align=\u00a0\u00bbcenter\u00a0\u00bb link=\u00a0\u00bburl:http%3A%2F%2Fen-accord.fr%2Findex.php%2Fetre-nourri%2F||\u00a0\u00bb][\/vc_column][vc_column width=\u00a0\u00bb1\/2&Prime;][vc_column_text]<strong><a href=\"http:\/\/en-accord.fr\/index.php\/etre-nourri\/\">\u00catre nourri<\/a><\/strong> Des compl\u00e9ments alimentaires pour vous sentir en pleine forme et maintenir un mode de vie \u00e9quilibr\u00e9. Envie de vous sentir profond\u00e9ment nourri ? A tous les niveaux, m\u00eames vos nourritures plus spirituelles ?[\/vc_column_text][\/vc_column][vc_column width=\u00a0\u00bb1\/6&Prime; css=\u00a0\u00bb.vc_custom_1442476584938{margin-left: -30px !important;}\u00a0\u00bb][\/vc_column][\/vc_row][vc_row css=\u00a0\u00bb.vc_custom_1448994510945{margin-top: -20px !important;}\u00a0\u00bb][vc_column width=\u00a0\u00bb1\/6&Prime;][vc_column_text]<br \/>\n[\/vc_column_text][\/vc_column][vc_column width=\u00a0\u00bb1\/6&Prime; css=\u00a0\u00bb.vc_custom_1442387632267{margin-top: -20px !important;}\u00a0\u00bb][vc_icon icon_fontawesome=\u00a0\u00bbfa fa-bicycle\u00a0\u00bb color=\u00a0\u00bbviolet\u00a0\u00bb align=\u00a0\u00bbcenter\u00a0\u00bb link=\u00a0\u00bburl:http%3A%2F%2Fen-accord.fr%2Findex.php%2Fpour-se-lancer%2F||\u00a0\u00bb][\/vc_column][vc_column width=\u00a0\u00bb1\/2&Prime;][vc_column_text]<strong><a href=\"http:\/\/en-accord.fr\/index.php\/pour-se-lancer\/\">Pour se lancer <\/a><\/strong> Pour go\u00fbter aux 3 activit\u00e9s en synergie[\/vc_column_text][\/vc_column][vc_column width=\u00a0\u00bb1\/6&Prime; css=\u00a0\u00bb.vc_custom_1442476584938{margin-left: -30px !important;}\u00a0\u00bb][\/vc_column][\/vc_row]<\/p>\n","protected":false},"excerpt":{"rendered":"<p>[vc_row][vc_column][vc_empty_space height=\u00a0\u00bb15px\u00a0\u00bb][\/vc_column][\/vc_row][vc_row][vc_column width=\u00a0\u00bb1\/6&Prime;][vc_column_text] [\/vc_column_text][\/vc_column][vc_column width=\u00a0\u00bb2\/3&Prime;][vc_column_text] La philosophie des soins propos\u00e9s [\/vc_column_text][\/vc_column][vc_column width=\u00a0\u00bb1\/6&Prime;][vc_column_text] [\/vc_column_text][\/vc_column][\/vc_row][vc_row gap=\u00a0\u00bb10&Prime; content_align=\u00a0\u00bbcenter\u00a0\u00bb unique_color=\u00a0\u00bb#26bdef\u00a0\u00bb][vc_column width=\u00a0\u00bb1\/4&Prime;][vc_single_image image=\u00a0\u00bb1324&Prime; img_size=\u00a0\u00bbmedium\u00a0\u00bb style=\u00a0\u00bbvc_box_rounded\u00a0\u00bb][\/vc_column][vc_column width=\u00a0\u00bb1\/2&Prime;][vc_column_text]Vous permettre d\u2019\u00eatre en harmonie, en accord et en vibrations : tel sera notre projet. Je propose une m\u00e9thode \u00abholistique\u00bb qui se d\u00e9cline en activit\u00e9s vari\u00e9es, et qui toujours aligne, apaise, soulage, mais aussi renforce [&hellip;]<\/p>\n","protected":false},"author":1,"featured_media":0,"parent":0,"menu_order":0,"comment_status":"open","ping_status":"open","template":"","meta":{"footnotes":""},"class_list":["post-46","page","type-page","status-publish","hentry"],"_links":{"self":[{"href":"https:\/\/en-accord.fr\/index.php\/wp-json\/wp\/v2\/pages\/46","targetHints":{"allow":["GET"]}}],"collection":[{"href":"https:\/\/en-accord.fr\/index.php\/wp-json\/wp\/v2\/pages"}],"about":[{"href":"https:\/\/en-accord.fr\/index.php\/wp-json\/wp\/v2\/types\/page"}],"author":[{"embeddable":true,"href":"https:\/\/en-accord.fr\/index.php\/wp-json\/wp\/v2\/users\/1"}],"replies":[{"embeddable":true,"href":"https:\/\/en-accord.fr\/index.php\/wp-json\/wp\/v2\/comments?post=46"}],"version-history":[{"count":138,"href":"https:\/\/en-accord.fr\/index.php\/wp-json\/wp\/v2\/pages\/46\/revisions"}],"predecessor-version":[{"id":1577,"href":"https:\/\/en-accord.fr\/index.php\/wp-json\/wp\/v2\/pages\/46\/revisions\/1577"}],"wp:attachment":[{"href":"https:\/\/en-accord.fr\/index.php\/wp-json\/wp\/v2\/media?parent=46"}],"curies":[{"name":"wp","href":"https:\/\/api.w.org\/{rel}","templated":true}]}}