{"id":20,"date":"2015-06-25T12:52:43","date_gmt":"2015-06-25T12:52:43","guid":{"rendered":"http:\/\/en-accord.fr\/?page_id=20"},"modified":"2018-07-16T14:55:54","modified_gmt":"2018-07-16T14:55:54","slug":"home","status":"publish","type":"page","link":"https:\/\/en-accord.fr\/","title":{"rendered":"Home"},"content":{"rendered":"<p>[vc_row][vc_column][rev_slider_vc alias=\u00a0\u00bbhome-slider\u00a0\u00bb][\/vc_column][\/vc_row][vc_row full_width=\u00a0\u00bbstretch_row\u00a0\u00bb width=\u00a0\u00bbfull\u00a0\u00bb image_style=\u00a0\u00bbcover\u00a0\u00bb unique_color=\u00a0\u00bb#26bdef\u00a0\u00bb css=\u00a0\u00bb.vc_custom_1458759714188{margin-top: -50px !important;}\u00a0\u00bb][vc_column][vc_column_text css=\u00a0\u00bb.vc_custom_1458759827213{margin-top: -30px !important;}\u00a0\u00bb]<div  class=\"title_shortcode sanabel_shortcode_1 title_wrapper text-center \"  style=\" margin-bottom:17px;\"  data-animation-delay=\"01\"><h4 class=\"title\"  style=\"font-size:h3px; font-weight:400; \"><br \/>\n<strong>Accordez vous un temps pour vous\u00a0: Offrez de l\u2019\u00e9nergie \u00e0 votre vie\u00a0!<\/strong><br \/>\n<\/h4><\/div><br \/>\nAvec \u00aben accord\u00bb, je vous propose un \u00e9ventail de pratiques pour prendre soin de vous, \u00e0 tous les niveaux. \u00abEn accord\u00bb, en harmonie, en r\u00e9sonance \u2013 voil\u00e0 les noms que je donne \u00e0 ce que nous allons construire ensemble : un \u00e9tat d\u2019\u00eatre de s\u00e9r\u00e9nit\u00e9, d\u2019alignement et de vitalit\u00e9; un \u00e9tat o\u00f9 l\u2019on prend soin de son enveloppe physique \u00abpour que l\u2019\u00e2me ait envie de l\u2019habiter\u00bb, comme le dit si joliment la philosophie chinoise.\u00a0 <i class=\"icon_shortcode sanabel_shortcode_2  fa fa-arrow-right icon_align_center\" style=\"color:#5AA1E3; \"><\/i>\u00a0 <strong><a href=\"http:\/\/en-accord.fr\/index.php\/qui-suis-je\/\">Qui suis-je ?<\/a><\/strong><\/p>\n<p>Dans les 3 types d\u2019activit\u00e9s que je propose, je sugg\u00e8re des d\u00e9marches de soin de soi, et de son corps en particulier; o\u00f9 l\u2019on se donne du temps pour \u00eatre en r\u00e9sonance avec soi m\u00eame, et o\u00f9 l\u2019on investit dans sa vitalit\u00e9, sa sant\u00e9, et son \u00e9nergie de vie.<\/p>\n<p><strong>Les 3 types de soin peuvent se vivre chacun individuellement, ou se combiner, en synergie les uns avec les autres.<\/strong>[\/vc_column_text][\/vc_column][\/vc_row][vc_row full_width=\u00a0\u00bbstretch_row\u00a0\u00bb width=\u00a0\u00bbfull\u00a0\u00bb unique_color=\u00a0\u00bb#26bdef\u00a0\u00bb][vc_column width=\u00a0\u00bb1\/3&Prime; css=\u00a0\u00bb.vc_custom_1458893441947{padding-right: 20px !important;padding-left: 20px !important;}\u00a0\u00bb][vc_icon icon_fontawesome=\u00a0\u00bbfa fa-heart-o\u00a0\u00bb color=\u00a0\u00bbgreen\u00a0\u00bb size=\u00a0\u00bbxl\u00a0\u00bb align=\u00a0\u00bbcenter\u00a0\u00bb link=\u00a0\u00bburl:http%3A%2F%2Fen-accord.fr%2Findex.php%2Fetre-aligne%2F||\u00a0\u00bb][vc_column_text]<\/p>\n<h3 style=\"text-align: center;\"><a href=\"http:\/\/en-accord.fr\/index.php\/etre-aligne\/\">\u00caTRE ALIGN\u00c9<\/a><\/h3>\n<h4 style=\"text-align: center;\"><a href=\"http:\/\/en-accord.fr\/index.php\/etre-aligne\/\">Th\u00e9rapie Cranio-Sacr\u00e9e&#8230; et Reiki<\/a><\/h4>\n<p>[\/vc_column_text][vc_column_text css=\u00a0\u00bb.vc_custom_1460360675359{margin-top: -5px !important;}\u00a0\u00bb]<\/p>\n<p style=\"text-align: justify;\">Des soins \u00e9nerg\u00e9tiques pour retrouver, pr\u00e9server ou renforcer sa vitalit\u00e9 et son alignement, et soulager les douleurs. Le travail est \u00e0 la fois structurel, avec la <a href=\"http:\/\/en-accord.fr\/index.php\/therapie-cranio-sacree\/\">Th\u00e9rapie Cranio-Sacr\u00e9e<\/a> (ou Th\u00e9rapie Craniosacrale), et plus subtil avec les influences du <a href=\"http:\/\/en-accord.fr\/index.php\/reiki\/\">Reiki<\/a>.<\/p>\n<p>[\/vc_column_text][\/vc_column][vc_column width=\u00a0\u00bb1\/3&Prime; css=\u00a0\u00bb.vc_custom_1458893458103{padding-right: 20px !important;padding-left: 20px !important;}\u00a0\u00bb][vc_icon type=\u00a0\u00bbentypo\u00a0\u00bb icon_entypo=\u00a0\u00bbentypo-icon entypo-icon-light-up\u00a0\u00bb color=\u00a0\u00bbcustom\u00a0\u00bb size=\u00a0\u00bbxl\u00a0\u00bb align=\u00a0\u00bbcenter\u00a0\u00bb link=\u00a0\u00bburl:http%3A%2F%2Fen-accord.fr%2Findex.php%2Fetre-en-mouvement%2F||\u00a0\u00bb custom_color=\u00a0\u00bb#fcde48&Prime;][vc_column_text]<\/p>\n<h3 style=\"text-align: center;\"><a href=\"http:\/\/en-accord.fr\/index.php\/etre-en-mouvement\/\">\u00caTRE EN MOUVEMENT<\/a><\/h3>\n<h4 style=\"text-align: center;\"><a href=\"http:\/\/en-accord.fr\/index.php\/etre-en-mouvement\/\">Yoga&#8230; et inspirations Qi Gong<\/a><\/h4>\n<p>[\/vc_column_text][vc_column_text css=\u00a0\u00bb.vc_custom_1479994615257{margin-top: -5px !important;}\u00a0\u00bb]<\/p>\n<p style=\"text-align: justify;\">Des cours individuels ou collectifs, bas\u00e9s sur le <a href=\"http:\/\/en-accord.fr\/index.php\/yoga-et-qi-gong\/\">Yoga<\/a> (de style Hatha\/Scaravellli), et o\u00f9 se m\u00ealent les influences du <a href=\"http:\/\/en-accord.fr\/index.php\/yoga-et-qi-gong\/\">Qi Gong<\/a>, pour que corps et mental s\u2019apaisent, s\u2019assouplissent et se renforcent \u00e0 la fois.<\/p>\n<p>[\/vc_column_text][\/vc_column][vc_column width=\u00a0\u00bb1\/3&Prime; css=\u00a0\u00bb.vc_custom_1458893472783{padding-right: 20px !important;padding-left: 20px !important;}\u00a0\u00bb][vc_icon type=\u00a0\u00bbtypicons\u00a0\u00bb icon_typicons=\u00a0\u00bbtypcn typcn-leaf\u00a0\u00bb color=\u00a0\u00bbsky\u00a0\u00bb size=\u00a0\u00bbxl\u00a0\u00bb align=\u00a0\u00bbcenter\u00a0\u00bb link=\u00a0\u00bburl:http%3A%2F%2Fen-accord.fr%2Findex.php%2Fetre-nourri%2F||\u00a0\u00bb][vc_column_text]<\/p>\n<h3 style=\"text-align: center;\"><a href=\"http:\/\/en-accord.fr\/index.php\/etre-nourri\/\">\u00caTRE NOURRI<\/a><\/h3>\n<h4 style=\"text-align: center;\"><a href=\"http:\/\/en-accord.fr\/index.php\/etre-nourri\/\">Compl\u00e9menter son alimentation\u2026 et plus<\/a><\/h4>\n<p>[\/vc_column_text][vc_column_text css=\u00a0\u00bb.vc_custom_1531752944999{margin-top: -5px !important;}\u00a0\u00bb]<\/p>\n<p style=\"text-align: justify;\">Des compl\u00e9ments alimentaires pour vous sentir en pleine forme et maintenir un mode de vie \u00e9quilibr\u00e9. Envie de vous sentir profond\u00e9ment nourri ? A tous les niveaux, m\u00eames vos nourritures plus spirituelles ? On en parle !<\/p>\n<p>[\/vc_column_text][\/vc_column][\/vc_row][vc_row unique_color=\u00a0\u00bb#26bdef\u00a0\u00bb css=\u00a0\u00bb.vc_custom_1458894074506{margin-top: -20px !important;}\u00a0\u00bb][vc_column width=\u00a0\u00bb1\/3&Prime; css=\u00a0\u00bb.vc_custom_1458893951428{padding-right: 20px !important;padding-left: 20px !important;}\u00a0\u00bb][vc_single_image image=\u00a0\u00bb1188&Prime; img_size=\u00a0\u00bb360&#215;240&Prime; alignment=\u00a0\u00bbcenter\u00a0\u00bb style=\u00a0\u00bbvc_box_rounded\u00a0\u00bb onclick=\u00a0\u00bbcustom_link\u00a0\u00bb link=\u00a0\u00bbhttp:\/\/en-accord.fr\/index.php\/etre-aligne\/\u00a0\u00bb][\/vc_column][vc_column width=\u00a0\u00bb1\/3&Prime; css=\u00a0\u00bb.vc_custom_1458893964292{padding-right: 20px !important;padding-left: 20px !important;}\u00a0\u00bb][vc_single_image image=\u00a0\u00bb1202&Prime; img_size=\u00a0\u00bb360&#215;240&Prime; alignment=\u00a0\u00bbcenter\u00a0\u00bb style=\u00a0\u00bbvc_box_rounded\u00a0\u00bb onclick=\u00a0\u00bbcustom_link\u00a0\u00bb link=\u00a0\u00bbhttp:\/\/en-accord.fr\/index.php\/etre-en-mouvement\/\u00a0\u00bb][\/vc_column][vc_column width=\u00a0\u00bb1\/3&Prime; css=\u00a0\u00bb.vc_custom_1458893973679{padding-right: 20px !important;padding-left: 20px !important;}\u00a0\u00bb][vc_single_image image=\u00a0\u00bb1491&Prime; img_size=\u00a0\u00bb360&#215;240&Prime; alignment=\u00a0\u00bbcenter\u00a0\u00bb style=\u00a0\u00bbvc_box_rounded\u00a0\u00bb onclick=\u00a0\u00bbcustom_link\u00a0\u00bb link=\u00a0\u00bbhttp:\/\/en-accord.fr\/index.php\/etre-nourri\/\u00a0\u00bb][\/vc_column][\/vc_row][vc_row][vc_column][rev_slider_vc alias=\u00a0\u00bbbleu\u00a0\u00bb][\/vc_column][\/vc_row][vc_row][vc_column][vc_single_image image=\u00a0\u00bb1183&Prime; img_size=\u00a0\u00bbfull\u00a0\u00bb][\/vc_column][\/vc_row][vc_row][vc_column][rev_slider_vc alias=\u00a0\u00bbjaune\u00a0\u00bb][\/vc_column][\/vc_row]<\/p>\n","protected":false},"excerpt":{"rendered":"<p>[vc_row][vc_column][rev_slider_vc alias=\u00a0\u00bbhome-slider\u00a0\u00bb][\/vc_column][\/vc_row][vc_row full_width=\u00a0\u00bbstretch_row\u00a0\u00bb width=\u00a0\u00bbfull\u00a0\u00bb image_style=\u00a0\u00bbcover\u00a0\u00bb unique_color=\u00a0\u00bb#26bdef\u00a0\u00bb css=\u00a0\u00bb.vc_custom_1458759714188{margin-top: -50px !important;}\u00a0\u00bb][vc_column][vc_column_text css=\u00a0\u00bb.vc_custom_1458759827213{margin-top: -30px !important;}\u00a0\u00bb] Avec \u00aben accord\u00bb, je vous propose un \u00e9ventail de pratiques pour prendre soin de vous, \u00e0 tous les niveaux. \u00abEn accord\u00bb, en harmonie, en r\u00e9sonance \u2013 voil\u00e0 les noms que je donne \u00e0 ce que nous allons construire ensemble : un \u00e9tat d\u2019\u00eatre [&hellip;]<\/p>\n","protected":false},"author":1,"featured_media":0,"parent":0,"menu_order":0,"comment_status":"open","ping_status":"open","template":"","meta":{"footnotes":""},"class_list":["post-20","page","type-page","status-publish","hentry"],"_links":{"self":[{"href":"https:\/\/en-accord.fr\/index.php\/wp-json\/wp\/v2\/pages\/20","targetHints":{"allow":["GET"]}}],"collection":[{"href":"https:\/\/en-accord.fr\/index.php\/wp-json\/wp\/v2\/pages"}],"about":[{"href":"https:\/\/en-accord.fr\/index.php\/wp-json\/wp\/v2\/types\/page"}],"author":[{"embeddable":true,"href":"https:\/\/en-accord.fr\/index.php\/wp-json\/wp\/v2\/users\/1"}],"replies":[{"embeddable":true,"href":"https:\/\/en-accord.fr\/index.php\/wp-json\/wp\/v2\/comments?post=20"}],"version-history":[{"count":402,"href":"https:\/\/en-accord.fr\/index.php\/wp-json\/wp\/v2\/pages\/20\/revisions"}],"predecessor-version":[{"id":1575,"href":"https:\/\/en-accord.fr\/index.php\/wp-json\/wp\/v2\/pages\/20\/revisions\/1575"}],"wp:attachment":[{"href":"https:\/\/en-accord.fr\/index.php\/wp-json\/wp\/v2\/media?parent=20"}],"curies":[{"name":"wp","href":"https:\/\/api.w.org\/{rel}","templated":true}]}}