{"id":1540,"date":"2018-07-03T12:17:03","date_gmt":"2018-07-03T12:17:03","guid":{"rendered":"http:\/\/en-accord.fr\/?page_id=1540"},"modified":"2018-07-16T14:43:48","modified_gmt":"2018-07-16T14:43:48","slug":"temoignages","status":"publish","type":"page","link":"https:\/\/en-accord.fr\/index.php\/temoignages\/","title":{"rendered":"T\u00e9moignages"},"content":{"rendered":"<p>[vc_row][vc_column width=\u00a0\u00bb1\/3&Prime;][\/vc_column][vc_column width=\u00a0\u00bb1\/3&Prime;][vc_column_text]<\/p>\n<h2 style=\"text-align: center;\"><strong>T\u00e9moignages<\/strong><\/h2>\n<p>[\/vc_column_text][\/vc_column][vc_column width=\u00a0\u00bb1\/3&Prime;][\/vc_column][\/vc_row][vc_row][vc_column width=\u00a0\u00bb1\/2&Prime;]<div class=\"testimonial_item testimonial_style_default clearfix\"  data-animation-delay=\"01\"><div class=\"testimonials_text\"  style=\"background-color:#5baee9;margin-bottom:20px;color:#ffffff;\">Rencontrer Isabelle, c\u2019est entrer dans sa lumi\u00e8re, dans sa douce et profonde attention\u2026 un rayon de soleil se pose sur vous imm\u00e9diatement. Sa qu\u00eate, favoriser notre bien-\u00eatre physique et psychique pour \u00eatre bien, mieux, en accord. Son Graal, les soins \u00e9nerg\u00e9tiques, nombreuses cordes \u00e0 son arc (sp\u00e9cialit\u00e9s).<\/p>\n<p>Rien ne lui \u00e9chappe, son regard scanne, ses doigts \u00e9coutent et un merveilleux moment s\u2019installe. Les sensations arrivent : l\u00e2cher prise, vibrations, ouverture, connexion\u2026 Pour Isabelle, le tandem corps et esprit est un fabuleux instrument de musique \u00e0 ch\u00e9rir. Alors elle va, dans la douceur et la s\u00e9r\u00e9nit\u00e9, le d\u00e9poussi\u00e9rer, ajuster chacun des \u00e9l\u00e9ments qui le compose, le cocooner pour lui redonner toute sa palette \u00e9motionnelle, toute son harmonie, sa puissance. Isabelle, au travers de ses diff\u00e9rentes pratiques, vous propose une rencontre avec vous-m\u00eame, la possibilit\u00e9 de na\u00eetre ou rena\u00eetre \u00e0 la vie.<\/p>\n<p>Une s\u00e9ance avec Isabelle est sans nul doute un moment intense, en \u00e9motion, en partage, pour retrouver ou renforcer votre bien-\u00eatre. N\u2019h\u00e9sitez plus !<span class=\"testimonial_arrow\"  style=\"border-color:#5baee9;\"><\/span><\/div><div class=\"testimonials_author\"><div class=\"testimonial_info\"><span class=\"testimonial_author_name\" >Sandrine <\/span><span class=\"testimonial_author_position\"  style=\"color:#000000;\">hypnoth\u00e9rapeute<\/span><\/div><\/div><\/div>[vc_empty_space height=\u00a0\u00bb50px\u00a0\u00bb]<div class=\"testimonial_item testimonial_style_default clearfix\"  data-animation-delay=\"01\"><div class=\"testimonials_text\"  style=\"background-color:#8d6dc4;margin-bottom:20px;color:#ffffff;\">Baign\u00e9e d\u2019influences occidentales et orientales, Isabelle allie dans ses soins un travail structurel dans la lign\u00e9e de l\u2019ost\u00e9opathie douce, avec les bienfaits de l\u2019\u00e9nerg\u00e9tique, de harmonisation des m\u00e9ridiens et chakras, \u00e9quilibrant ainsi autant le physique que l\u2019\u00e9motionnel et le spirituel.<br \/>\nUne sacr\u00e9e experte aux mains magiques. J\u2019adore ! Un r\u00e9gal \u00e0 chaque fois !<span class=\"testimonial_arrow\"  style=\"border-color:#8d6dc4;\"><\/span><\/div><div class=\"testimonials_author\"><div class=\"testimonial_info\"><span class=\"testimonial_author_name\" >Philippe, 62 ans<\/span><span class=\"testimonial_author_position\" ><\/span><\/div><\/div><\/div>[vc_empty_space height=\u00a0\u00bb50px\u00a0\u00bb]<div class=\"testimonial_item testimonial_style_default clearfix\"  data-animation-delay=\"01\"><div class=\"testimonials_text\"  style=\"background-color:#5baee9;margin-bottom:20px;color:#ffffff;\">Je sors d\u2019une s\u00e9ance avec Isabelle, un soin \u00e9nerg\u00e9tique et d\u2019harmonisation cranio sacr\u00e9e. Je me sens en super forme. C\u2019est comme si elle avait \u00ab rebranch\u00e9 \u00bb mon \u00e9nergie ! \u00c7a circule, je sens que tout vibre \u00e0 l\u2019int\u00e9rieur et chaque partie du corps a eu son lot d\u2019attention et d\u2019harmonisation. J\u2019adore, c\u2019est tr\u00e8s puissant ! \u00c0 faire \u00e0 chaque saison, ou chaque pleine lune !!!<span class=\"testimonial_arrow\"  style=\"border-color:#5baee9;\"><\/span><\/div><div class=\"testimonials_author\"><div class=\"testimonial_info\"><span class=\"testimonial_author_name\" >Nathalie, 45 ans<\/span><span class=\"testimonial_author_position\" ><\/span><\/div><\/div><\/div>[\/vc_column][vc_column width=\u00a0\u00bb1\/2&Prime;]<div class=\"testimonial_item testimonial_style_default clearfix\"  data-animation-delay=\"01\"><div class=\"testimonials_text\"  style=\"background-color:#61a611;margin-bottom:20px;color:#ffffff;\"><span id=\"yui_3_16_0_1_1456755667201_4082\">Avec Isabelle, j\u2019ai pu comprendre et sentir ce qu\u2019est une vie sans douleurs. J\u2019ai pu int\u00e9grer \u00e0 ma vie des gestes sant\u00e9 qui me permettent d\u2019\u00eatre de plus en plus autonome pour prendre soin de moi. Que ce soit des compl\u00e9ments alimentaires selon mes besoins, du yoga r\u00e9guli\u00e8rement ou des soins \u00e9nerg\u00e9tiques \u00e0 chaque saison, je me sens pleinement en charge et \u00abdans mon pouvoir\u00bb\u00a0!\u00a0J\u2019ai tout essay\u00e9 et je recommande tout\u00a0!<\/span><span class=\"testimonial_arrow\"  style=\"border-color:#61a611;\"><\/span><\/div><div class=\"testimonials_author\"><div class=\"testimonial_info\"><span class=\"testimonial_author_name\" >Ana\u00efs, 35 ans<\/span><span class=\"testimonial_author_position\" ><\/span><\/div><\/div><\/div>[vc_empty_space height=\u00a0\u00bb50px\u00a0\u00bb]<div class=\"testimonial_item testimonial_style_default clearfix\"  data-animation-delay=\"01\"><div class=\"testimonials_text\"  style=\"background-color:#8d6dc4;margin-bottom:20px;color:#ffffff;\">Que de joie dans les cours d\u2019Isabelle !<span class=\"testimonial_arrow\"  style=\"border-color:#8d6dc4;\"><\/span><\/div><div class=\"testimonials_author\"><div class=\"testimonial_info\"><span class=\"testimonial_author_name\" >M\u00e9lanie, 28 ans<\/span><span class=\"testimonial_author_position\" ><\/span><\/div><\/div><\/div>[vc_empty_space height=\u00a0\u00bb50px\u00a0\u00bb]<div class=\"testimonial_item testimonial_style_default clearfix\"  data-animation-delay=\"01\"><div class=\"testimonials_text\"  style=\"background-color:#5baee9;margin-bottom:20px;color:#ffffff;\"><span id=\"yui_3_16_0_1_1456755667201_3447\">Travailler avec Isabelle, venir l\u00e2cher prise entre ses mains, bouger dans ses cours, ou explorer la richesse des compl\u00e9ments nutritionnels qu\u2019elle propose, sont toutes des opportunit\u00e9s de prendre sa sant\u00e9 en main, d\u2019\u00eatre pro-actif dans la pr\u00e9vention ou de toucher aux causes profondes ou aux raisons du mal \u00eatre, du malaise et des maladies lorsqu\u2019il y en a.\u00a0Finis les \u00abmaux du corps et de l\u2019\u00e2me\u00bb, vive le bien \u00eatre\u00a0!<\/span><span class=\"testimonial_arrow\"  style=\"border-color:#5baee9;\"><\/span><\/div><div class=\"testimonials_author\"><div class=\"testimonial_info\"><span class=\"testimonial_author_name\" >Sara, 45 ans<\/span><span class=\"testimonial_author_position\"  style=\"color:#000000;\">kin\u00e9siologue<\/span><\/div><\/div><\/div>[vc_empty_space height=\u00a0\u00bb50px\u00a0\u00bb]<div class=\"testimonial_item testimonial_style_default clearfix\"  data-animation-delay=\"01\"><div class=\"testimonials_text\"  style=\"background-color:#61a611;margin-bottom:20px;color:#ffffff;\">J\u2019ai la sensation que mon corps, mon c\u0153ur et mon \u00e2me, sont enfin r\u00e9unis, pour une vie en symphonie. Je dirai m\u00eame que j\u2019ai retrouv\u00e9 mon \u00e9tincelle de vie. Je me sens lib\u00e9r\u00e9e et all\u00e9g\u00e9e et vous en remercie<span class=\"testimonial_arrow\"  style=\"border-color:#61a611;\"><\/span><\/div><div class=\"testimonials_author\"><div class=\"testimonial_info\"><span class=\"testimonial_author_name\" >Nathalie, 55 ans<\/span><span class=\"testimonial_author_position\" ><\/span><\/div><\/div><\/div>[\/vc_column][\/vc_row]<\/p>\n","protected":false},"excerpt":{"rendered":"<p>[vc_row][vc_column width=\u00a0\u00bb1\/3&Prime;][\/vc_column][vc_column width=\u00a0\u00bb1\/3&Prime;][vc_column_text] T\u00e9moignages [\/vc_column_text][\/vc_column][vc_column width=\u00a0\u00bb1\/3&Prime;][\/vc_column][\/vc_row][vc_row][vc_column width=\u00a0\u00bb1\/2&Prime;][vc_empty_space height=\u00a0\u00bb50px\u00a0\u00bb][vc_empty_space height=\u00a0\u00bb50px\u00a0\u00bb][\/vc_column][vc_column width=\u00a0\u00bb1\/2&Prime;][vc_empty_space height=\u00a0\u00bb50px\u00a0\u00bb][vc_empty_space height=\u00a0\u00bb50px\u00a0\u00bb][vc_empty_space height=\u00a0\u00bb50px\u00a0\u00bb][\/vc_column][\/vc_row]<\/p>\n","protected":false},"author":1,"featured_media":0,"parent":0,"menu_order":0,"comment_status":"closed","ping_status":"closed","template":"","meta":{"footnotes":""},"class_list":["post-1540","page","type-page","status-publish","hentry"],"_links":{"self":[{"href":"https:\/\/en-accord.fr\/index.php\/wp-json\/wp\/v2\/pages\/1540","targetHints":{"allow":["GET"]}}],"collection":[{"href":"https:\/\/en-accord.fr\/index.php\/wp-json\/wp\/v2\/pages"}],"about":[{"href":"https:\/\/en-accord.fr\/index.php\/wp-json\/wp\/v2\/types\/page"}],"author":[{"embeddable":true,"href":"https:\/\/en-accord.fr\/index.php\/wp-json\/wp\/v2\/users\/1"}],"replies":[{"embeddable":true,"href":"https:\/\/en-accord.fr\/index.php\/wp-json\/wp\/v2\/comments?post=1540"}],"version-history":[{"count":17,"href":"https:\/\/en-accord.fr\/index.php\/wp-json\/wp\/v2\/pages\/1540\/revisions"}],"predecessor-version":[{"id":1574,"href":"https:\/\/en-accord.fr\/index.php\/wp-json\/wp\/v2\/pages\/1540\/revisions\/1574"}],"wp:attachment":[{"href":"https:\/\/en-accord.fr\/index.php\/wp-json\/wp\/v2\/media?parent=1540"}],"curies":[{"name":"wp","href":"https:\/\/api.w.org\/{rel}","templated":true}]}}