{"id":1057,"date":"2016-03-10T08:22:56","date_gmt":"2016-03-10T08:22:56","guid":{"rendered":"http:\/\/en-accord.fr\/?page_id=1057"},"modified":"2018-05-01T08:39:30","modified_gmt":"2018-05-01T08:39:30","slug":"mentions-legales","status":"publish","type":"page","link":"https:\/\/en-accord.fr\/index.php\/mentions-legales\/","title":{"rendered":"Mentions L\u00e9gales"},"content":{"rendered":"<p>[vc_row][vc_column][vc_empty_space height=\u00a0\u00bb15px\u00a0\u00bb][\/vc_column][\/vc_row][vc_row][vc_column][vc_column_text]<\/p>\n<h2 style=\"text-align: center;\">Mentions l\u00e9gales<\/h2>\n<p>[\/vc_column_text][\/vc_column][\/vc_row][vc_row][vc_column width=\u00a0\u00bb1\/4&Prime;][\/vc_column][vc_column width=\u00a0\u00bb1\/2&Prime;][vc_column_text]En-accord.fr est l&rsquo;enti\u00e8re propri\u00e9t\u00e9 d&rsquo;Isabelle Natali<br \/>\nToute extraction m\u00eame partielle des informations est interdite, selon l&rsquo;article L341 du code de la Propri\u00e9t\u00e9 Intellectuelle.<\/p>\n<p>Editeur :<br \/>\nIsabelle Natali<br \/>\n33 rue Galli\u00e9ni<br \/>\n78230 Le Pecq<br \/>\nT\u00e9l : 06 83 70 00 00<br \/>\nMail : <a href=\"mailto:isabelle.natali@gmail.com\" target=\"_blank\" rel=\"noopener\">isabelle.natali@gmail.com<\/a><\/p>\n<p>SIRET: 818 963 332 00015<br \/>\nNum\u00e9ro distributeur Synergy WorldWide : Independent Team Member 1403943<\/p>\n<p>Directeur de publication :<br \/>\nIsabelle Natali<\/p>\n<p>Droit d&rsquo;auteur &#8211; Copyright :<br \/>\nL&rsquo;ensemble de ce site rel\u00e8ve de la l\u00e9gislation fran\u00e7aise et internationale sur le droit d&rsquo;auteur et la propri\u00e9t\u00e9 intellectuelle.<br \/>\nTous les droits de reproduction sont r\u00e9serv\u00e9s, y compris pour les documents t\u00e9l\u00e9chargeables et les repr\u00e9sentations iconographiques et photographiques.<\/p>\n<p>La reproduction de tout ou partie de ce site sur un support \u00e9lectronique ou papier quel qu&rsquo;il soit est formellement interdite sauf autorisation expresse du directeur de la publication.<br \/>\nLes marques cit\u00e9es sur le site sont d\u00e9pos\u00e9es par les soci\u00e9t\u00e9s qui en sont propri\u00e9taires.<\/p>\n<p>Photos : <a href=\"http:\/\/hildurheimisphotography.com\/\" target=\"_blank\" rel=\"noopener\">Hildur Heimis<\/a> ou Isabelle Natali<\/p>\n<p>H\u00e9bergeur :<br \/>\nPlanetHoster<br \/>\n150 Pierre Mercure<br \/>\nMontr\u00e9al, Qu\u00e9bec<br \/>\nH1A 5A9<br \/>\nCanada[\/vc_column_text][\/vc_column][vc_column width=\u00a0\u00bb1\/4&Prime;][\/vc_column][\/vc_row]<\/p>\n","protected":false},"excerpt":{"rendered":"<p>[vc_row][vc_column][vc_empty_space height=\u00a0\u00bb15px\u00a0\u00bb][\/vc_column][\/vc_row][vc_row][vc_column][vc_column_text] Mentions l\u00e9gales [\/vc_column_text][\/vc_column][\/vc_row][vc_row][vc_column width=\u00a0\u00bb1\/4&Prime;][\/vc_column][vc_column width=\u00a0\u00bb1\/2&Prime;][vc_column_text]En-accord.fr est l&rsquo;enti\u00e8re propri\u00e9t\u00e9 d&rsquo;Isabelle Natali Toute extraction m\u00eame partielle des informations est interdite, selon l&rsquo;article L341 du code de la Propri\u00e9t\u00e9 Intellectuelle. Editeur : Isabelle Natali 33 rue Galli\u00e9ni 78230 Le Pecq T\u00e9l : 06 83 70 00 00 Mail : isabelle.natali@gmail.com SIRET: 818 963 332 00015 Num\u00e9ro [&hellip;]<\/p>\n","protected":false},"author":1,"featured_media":0,"parent":0,"menu_order":0,"comment_status":"closed","ping_status":"closed","template":"","meta":{"footnotes":""},"class_list":["post-1057","page","type-page","status-publish","hentry"],"_links":{"self":[{"href":"https:\/\/en-accord.fr\/index.php\/wp-json\/wp\/v2\/pages\/1057","targetHints":{"allow":["GET"]}}],"collection":[{"href":"https:\/\/en-accord.fr\/index.php\/wp-json\/wp\/v2\/pages"}],"about":[{"href":"https:\/\/en-accord.fr\/index.php\/wp-json\/wp\/v2\/types\/page"}],"author":[{"embeddable":true,"href":"https:\/\/en-accord.fr\/index.php\/wp-json\/wp\/v2\/users\/1"}],"replies":[{"embeddable":true,"href":"https:\/\/en-accord.fr\/index.php\/wp-json\/wp\/v2\/comments?post=1057"}],"version-history":[{"count":6,"href":"https:\/\/en-accord.fr\/index.php\/wp-json\/wp\/v2\/pages\/1057\/revisions"}],"predecessor-version":[{"id":1472,"href":"https:\/\/en-accord.fr\/index.php\/wp-json\/wp\/v2\/pages\/1057\/revisions\/1472"}],"wp:attachment":[{"href":"https:\/\/en-accord.fr\/index.php\/wp-json\/wp\/v2\/media?parent=1057"}],"curies":[{"name":"wp","href":"https:\/\/api.w.org\/{rel}","templated":true}]}}